{"id":827,"date":"2025-10-10T07:06:23","date_gmt":"2025-10-10T07:06:23","guid":{"rendered":"https:\/\/www.iaenice.com\/m1com13\/?page_id=827"},"modified":"2025-10-10T09:29:52","modified_gmt":"2025-10-10T09:29:52","slug":"explorez-autrement-voyagez-consciemment","status":"publish","type":"page","link":"https:\/\/www.iaenice.com\/m1com13\/explorez-autrement-voyagez-consciemment\/","title":{"rendered":"Explorez autrement, voyagez consciemment"},"content":{"rendered":"\t\t<div data-elementor-type=\"wp-page\" data-elementor-id=\"827\" class=\"elementor elementor-827\">\n\t\t\t\t<div class=\"elementor-element elementor-element-7bf1b0a e-flex e-con-boxed e-con e-parent\" data-id=\"7bf1b0a\" data-element_type=\"container\" data-e-type=\"container\">\n\t\t\t\t\t<div class=\"e-con-inner\">\n\t\t\t\t<div class=\"elementor-element elementor-element-466a425 elementor-widget elementor-widget-heading\" data-id=\"466a425\" data-element_type=\"widget\" data-e-type=\"widget\" data-widget_type=\"heading.default\">\n\t\t\t\t\t<h2 class=\"elementor-heading-title elementor-size-default\">Rejoignez la communaut\u00e9 des voyageurs Green Way<\/h2>\t\t\t\t<\/div>\n\t\t\t\t\t<\/div>\n\t\t\t\t<\/div>\n\t\t<div class=\"elementor-element elementor-element-4317ef0 e-flex e-con-boxed e-con e-parent\" data-id=\"4317ef0\" data-element_type=\"container\" data-e-type=\"container\">\n\t\t\t\t\t<div class=\"e-con-inner\">\n\t\t\t\t<div class=\"elementor-element elementor-element-1bbae45 elementor-widget elementor-widget-text-editor\" data-id=\"1bbae45\" data-element_type=\"widget\" data-e-type=\"widget\" data-widget_type=\"text-editor.default\">\n\t\t\t\t\t\t\t\t\t<p>Chez <strong data-start=\"271\" data-end=\"284\">Green Way<\/strong>, nous croyons qu\u2019il est possible de parcourir le monde sans jamais cesser de le respecter. \u00c0 travers notre newsletter, nous partageons chaque mois des inspirations de voyages durables, des itin\u00e9raires uniques, des conseils pratiques pour voyager autrement, ainsi que des offres exclusives r\u00e9serv\u00e9es \u00e0 notre communaut\u00e9. Ensemble, tra\u00e7ons des chemins plus verts, plus conscients et plus authentiques.<\/p>\t\t\t\t\t\t\t\t<\/div>\n\t\t\t\t\t<\/div>\n\t\t\t\t<\/div>\n\t\t<div class=\"elementor-element elementor-element-17aae7a e-flex e-con-boxed e-con e-parent\" data-id=\"17aae7a\" data-element_type=\"container\" data-e-type=\"container\">\n\t\t\t\t\t<div class=\"e-con-inner\">\n\t\t<div class=\"elementor-element elementor-element-f5afe7d e-con-full e-flex e-con e-child\" data-id=\"f5afe7d\" data-element_type=\"container\" data-e-type=\"container\">\n\t\t\t\t<div class=\"elementor-element elementor-element-ba562fd elementor-widget__width-initial elementor-widget elementor-widget-shortcode\" data-id=\"ba562fd\" data-element_type=\"widget\" data-e-type=\"widget\" data-widget_type=\"shortcode.default\">\n\t\t\t\t\t\t\t<div class=\"elementor-shortcode\"><form id=\"newsletterForm\" class=\"newsletter-form\" style=\"display:flex; flex-direction:column; gap:25px; max-width:450px; margin:0 auto; padding:30px; background:#fff; border-radius:10px; box-shadow:0 4px 12px rgba(0,0,0,0.08); text-align:center; font-family:'Helvetica Neue', Arial, sans-serif;\">\n  \n  <h2 style=\"color:#2a7f62; font-size:2em; margin-bottom:20px;\">Abonnez-vous \u00e0 notre newsletter<\/h2>\n  <p style=\"font-size:1.1em; color:#444; margin-bottom:35px; line-height:1.6;\">\n    Recevez nos inspirations de voyages durables, nos offres exclusives et nos conseils pour explorer la plan\u00e8te autrement.  \n    <br><br> <strong>Inscrivez-vous ci-dessous<\/strong>\n  <\/p>\n\n  <input type=\"email\" id=\"emailInput\" placeholder=\"Votre adresse e-mail\" required style=\"padding:18px 20px; border:1px solid #ccc; border-radius:6px; font-size:1.05em; width:100%; box-sizing:border-box;\">\n\n  <label for=\"consentCheckbox\" style=\"display:flex; align-items:flex-start; font-size:0.95em; color:#555; text-align:left;\">\n    <input type=\"checkbox\" id=\"consentCheckbox\" required style=\"margin-top:4px; margin-right:10px; transform:scale(1.2);\">\n    <span>J\u2019accepte de recevoir les newsletters de <strong>Green Way<\/strong> et je comprends que mes donn\u00e9es seront utilis\u00e9es conform\u00e9ment \u00e0 la <a href='https:\/\/www.iaenice.com\/m1com13\/politique-de-confidentialite\/?preview_id=861&preview_nonce=225c98445f&preview=true' target='_blank' style='color:#2a7f62; text-decoration:underline;'>politique de confidentialit\u00e9<\/a>.<\/span>\n  <\/label>\n\n  <button type=\"submit\" style=\"background-color:#2a7f62; color:white; font-size:1.1em; padding:14px 40px; border:none; border-radius:8px; cursor:pointer; transition:background-color 0.3s ease;\" onmouseover=\"this.style.backgroundColor='#245e4b'\" onmouseout=\"this.style.backgroundColor='#2a7f62'\">\n    S\u2019inscrire\n  <\/button>\n\n  <!-- Zone pour afficher le message de confirmation -->\n  <p id=\"newsletterMessage\" style=\"font-size:0.9em; color:#2a7f62; margin-top:20px;\"><\/p>\n\n<\/form>\n\n<script>\ndocument.getElementById('newsletterForm').addEventListener('submit', function(e) {\n  e.preventDefault();\n\n  const email = document.getElementById('emailInput').value;\n  const consent = document.getElementById('consentCheckbox').checked;\n  const message = document.getElementById('newsletterMessage');\n\n  if (!consent) {\n    message.style.color = 'red';\n    message.textContent = \"Veuillez accepter la politique de confidentialit\u00e9 pour vous inscrire.\";\n    return;\n  }\n\n  \/\/ Ici on simule l'inscription r\u00e9ussie\n  message.style.color = '#2a7f62';\n  message.textContent = \"Merci ! \u2728 Vous \u00eates bien inscrit(e) \u00e0 la newsletter Green Way. Nous esp\u00e9rons avoir le plaisir de voyager ensemble tr\u00e8s bient\u00f4t !\";\n\n  \/\/ R\u00e9initialisation du formulaire\n  document.getElementById('newsletterForm').reset();\n});\n<\/script><\/div>\n\t\t\t\t\t\t<\/div>\n\t\t\t\t<\/div>\n\t\t<div class=\"elementor-element elementor-element-22e2059 e-con-full e-flex e-con e-child\" data-id=\"22e2059\" data-element_type=\"container\" data-e-type=\"container\">\n\t\t\t\t<div class=\"elementor-element elementor-element-ec717a7 elementor-widget__width-initial elementor-widget elementor-widget-image\" data-id=\"ec717a7\" data-element_type=\"widget\" data-e-type=\"widget\" data-widget_type=\"image.default\">\n\t\t\t\t\t\t\t\t\t\t\t\t\t\t\t<img fetchpriority=\"high\" decoding=\"async\" width=\"543\" height=\"1024\" src=\"https:\/\/www.iaenice.com\/m1com13\/wp-content\/uploads\/2025\/10\/Capture-decran-2025-10-10-a-10.23.50-543x1024.png\" class=\"attachment-large size-large wp-image-845\" alt=\"\" srcset=\"https:\/\/www.iaenice.com\/m1com13\/wp-content\/uploads\/2025\/10\/Capture-decran-2025-10-10-a-10.23.50-543x1024.png 543w, https:\/\/www.iaenice.com\/m1com13\/wp-content\/uploads\/2025\/10\/Capture-decran-2025-10-10-a-10.23.50-159x300.png 159w, https:\/\/www.iaenice.com\/m1com13\/wp-content\/uploads\/2025\/10\/Capture-decran-2025-10-10-a-10.23.50-e1760084716764.png 398w\" sizes=\"100vw\" \/>\t\t\t\t\t\t\t\t\t\t\t\t\t\t\t<\/div>\n\t\t\t\t<\/div>\n\t\t\t\t\t<\/div>\n\t\t\t\t<\/div>\n\t\t<div class=\"elementor-element elementor-element-1cf57ea e-flex e-con-boxed e-con e-parent\" data-id=\"1cf57ea\" data-element_type=\"container\" data-e-type=\"container\">\n\t\t\t\t\t<div class=\"e-con-inner\">\n\t\t\t\t<div class=\"elementor-element elementor-element-ab4047f elementor-widget elementor-widget-spacer\" data-id=\"ab4047f\" data-element_type=\"widget\" data-e-type=\"widget\" data-widget_type=\"spacer.default\">\n\t\t\t\t\t\t\t<div class=\"elementor-spacer\">\n\t\t\t<div class=\"elementor-spacer-inner\"><\/div>\n\t\t<\/div>\n\t\t\t\t\t\t<\/div>\n\t\t\t\t\t<\/div>\n\t\t\t\t<\/div>\n\t\t<div class=\"elementor-element elementor-element-66be5a0 e-flex e-con-boxed e-con e-parent\" data-id=\"66be5a0\" data-element_type=\"container\" data-e-type=\"container\">\n\t\t\t\t\t<div class=\"e-con-inner\">\n\t\t\t\t<div class=\"elementor-element elementor-element-2b27514 elementor-widget elementor-widget-text-editor\" data-id=\"2b27514\" data-element_type=\"widget\" data-e-type=\"widget\" data-widget_type=\"text-editor.default\">\n\t\t\t\t\t\t\t\t\t<p>Rejoignez-nous, et la prochaine destination s\u2019\u00e9crira peut-\u00eatre avec vous.<\/p>\t\t\t\t\t\t\t\t<\/div>\n\t\t\t\t\t<\/div>\n\t\t\t\t<\/div>\n\t\t<div class=\"elementor-element elementor-element-a819026 e-flex e-con-boxed e-con e-parent\" data-id=\"a819026\" data-element_type=\"container\" data-e-type=\"container\">\n\t\t\t\t\t<div class=\"e-con-inner\">\n\t\t\t\t<div class=\"elementor-element elementor-element-51504d5 elementor-widget elementor-widget-spacer\" data-id=\"51504d5\" data-element_type=\"widget\" data-e-type=\"widget\" data-widget_type=\"spacer.default\">\n\t\t\t\t\t\t\t<div class=\"elementor-spacer\">\n\t\t\t<div class=\"elementor-spacer-inner\"><\/div>\n\t\t<\/div>\n\t\t\t\t\t\t<\/div>\n\t\t\t\t\t<\/div>\n\t\t\t\t<\/div>\n\t\t\t\t<\/div>\n\t\t","protected":false},"excerpt":{"rendered":"<p>Rejoignez la communaut\u00e9 des voyageurs Green Way Chez Green Way, nous croyons qu\u2019il est possible de parcourir le monde sans jamais cesser de le respecter. \u00c0 travers notre newsletter, nous partageons chaque mois des inspirations de voyages durables, des itin\u00e9raires uniques, des conseils pratiques pour voyager autrement, ainsi que des offres exclusives r\u00e9serv\u00e9es \u00e0 notre &hellip; <\/p>\n<p class=\"link-more\"><a href=\"https:\/\/www.iaenice.com\/m1com13\/explorez-autrement-voyagez-consciemment\/\" class=\"more-link\">Lire la suite de<span class=\"screen-reader-text\">\u00ab\u00a0Explorez autrement, voyagez consciemment\u00a0\u00bb<\/span><\/a><\/p>\n","protected":false},"author":2,"featured_media":831,"parent":0,"menu_order":0,"comment_status":"closed","ping_status":"closed","template":"","meta":{"footnotes":""},"class_list":["post-827","page","type-page","status-publish","has-post-thumbnail","hentry"],"_links":{"self":[{"href":"https:\/\/www.iaenice.com\/m1com13\/wp-json\/wp\/v2\/pages\/827","targetHints":{"allow":["GET"]}}],"collection":[{"href":"https:\/\/www.iaenice.com\/m1com13\/wp-json\/wp\/v2\/pages"}],"about":[{"href":"https:\/\/www.iaenice.com\/m1com13\/wp-json\/wp\/v2\/types\/page"}],"author":[{"embeddable":true,"href":"https:\/\/www.iaenice.com\/m1com13\/wp-json\/wp\/v2\/users\/2"}],"replies":[{"embeddable":true,"href":"https:\/\/www.iaenice.com\/m1com13\/wp-json\/wp\/v2\/comments?post=827"}],"version-history":[{"count":13,"href":"https:\/\/www.iaenice.com\/m1com13\/wp-json\/wp\/v2\/pages\/827\/revisions"}],"predecessor-version":[{"id":891,"href":"https:\/\/www.iaenice.com\/m1com13\/wp-json\/wp\/v2\/pages\/827\/revisions\/891"}],"wp:featuredmedia":[{"embeddable":true,"href":"https:\/\/www.iaenice.com\/m1com13\/wp-json\/wp\/v2\/media\/831"}],"wp:attachment":[{"href":"https:\/\/www.iaenice.com\/m1com13\/wp-json\/wp\/v2\/media?parent=827"}],"curies":[{"name":"wp","href":"https:\/\/api.w.org\/{rel}","templated":true}]}}