{"id":728,"date":"2025-10-08T13:04:09","date_gmt":"2025-10-08T13:04:09","guid":{"rendered":"https:\/\/www.iaenice.com\/m1com13\/?page_id=728"},"modified":"2025-10-10T09:35:05","modified_gmt":"2025-10-10T09:35:05","slug":"elementor-728","status":"publish","type":"page","link":"https:\/\/www.iaenice.com\/m1com13\/elementor-728\/","title":{"rendered":"Simuler votre voyage"},"content":{"rendered":"\t\t<div data-elementor-type=\"wp-page\" data-elementor-id=\"728\" class=\"elementor elementor-728\">\n\t\t\t\t<div class=\"elementor-element elementor-element-cf07310 e-flex e-con-boxed e-con e-parent\" data-id=\"cf07310\" data-element_type=\"container\" data-e-type=\"container\">\n\t\t\t\t\t<div class=\"e-con-inner\">\n\t\t\t\t<div class=\"elementor-element elementor-element-f5c8f3d elementor-widget elementor-widget-heading\" data-id=\"f5c8f3d\" data-element_type=\"widget\" data-e-type=\"widget\" data-widget_type=\"heading.default\">\n\t\t\t\t\t<h2 class=\"elementor-heading-title elementor-size-default\">Envie d\u2019\u00e9vasion ?\n<\/h2>\t\t\t\t<\/div>\n\t\t\t\t<div class=\"elementor-element elementor-element-8022588 elementor-widget elementor-widget-text-editor\" data-id=\"8022588\" data-element_type=\"widget\" data-e-type=\"widget\" data-widget_type=\"text-editor.default\">\n\t\t\t\t\t\t\t\t\t<p>Avec notre simulateur de voyage, cr\u00e9ez en quelques clics votre prochaine escapade en Gr\u00e8ce.<br \/>Choisissez votre destination coup de c\u0153ur Santorin, Ath\u00e8nes, Cr\u00e8te, Mykonos et bien d\u2019autres puis indiquez vos dates et le nombre de voyageurs.<\/p><p>En moins d\u2019une minute, obtenez une <strong>simulation personnalis\u00e9e<\/strong> qui vous projette d\u00e9j\u00e0 au soleil, entre plages de r\u00eave, villages pittoresques et d\u00e9couvertes culturelles.<\/p><p><strong>Pr\u00eat \u00e0 r\u00eaver votre s\u00e9jour ?<\/strong> Remplissez le formulaire ci-dessous et laissez-vous inspirer par nos plus belles destinations grecques.<\/p>\t\t\t\t\t\t\t\t<\/div>\n\t\t\t\t<div class=\"elementor-element elementor-element-6ea6282 elementor-widget-divider--view-line elementor-widget elementor-widget-divider\" data-id=\"6ea6282\" data-element_type=\"widget\" data-e-type=\"widget\" data-widget_type=\"divider.default\">\n\t\t\t\t\t\t\t<div class=\"elementor-divider\">\n\t\t\t<span class=\"elementor-divider-separator\">\n\t\t\t\t\t\t<\/span>\n\t\t<\/div>\n\t\t\t\t\t\t<\/div>\n\t\t\t\t<div class=\"elementor-element elementor-element-acc5a22 elementor-widget elementor-widget-shortcode\" data-id=\"acc5a22\" data-element_type=\"widget\" data-e-type=\"widget\" data-widget_type=\"shortcode.default\">\n\t\t\t\t\t\t\t<div class=\"elementor-shortcode\"><!-- Styles -->\n<style>\n  .container { display:flex; flex-wrap:wrap; gap:40px; max-width:1200px; margin:50px auto; }\n  .form-section, .favorites { flex:1 1 350px; background:#f9f9f9; border-radius:15px; padding:20px; box-shadow:0 4px 15px rgba(0,0,0,0.1); }\n  .destinations { flex:2 1 600px; display:flex; flex-wrap:wrap; gap:20px; }\n  .card { flex:1 1 250px; background:white; border-radius:15px; overflow:hidden; box-shadow:0 4px 15px rgba(0,0,0,0.1); position:relative; }\n  .card img { width:100%; height:200px; object-fit:cover; display:block; background:#efefef; }\n  .card-content { padding:15px; }\n  .favorite-checkbox { position:absolute; top:10px; right:10px; transform:scale(1.25); z-index:5; }\n  #favoritesList { display:flex; flex-direction:column; gap:12px; }\n  .fav-card { background:white; border-radius:10px; overflow:hidden; box-shadow:0 2px 10px rgba(0,0,0,0.08); display:flex; align-items:center; gap:10px; padding:8px; }\n  .fav-card img { width:60px; height:60px; object-fit:cover; border-radius:6px; }\n  @media(max-width:900px){ .container { flex-direction:column; } .destinations { order:3; } }\n<\/style>\n\n<!-- HTML -->\n<div class=\"container\">\n  <section class=\"form-section\">\n    <h2 style=\"text-align:center;\">Simuler une r\u00e9servation<\/h2>\n    <form id=\"reservationForm\">\n      <label for=\"destination\">Destination :<\/label>\n      <select id=\"destination\" name=\"destination\" style=\"width:100%; padding:10px; margin-bottom:15px;\">\n        <option value=\"Santorin\">Santorin<\/option>\n        <option value=\"Ath\u00e8nes\">Ath\u00e8nes<\/option>\n        <option value=\"Cr\u00e8te\">Cr\u00e8te<\/option>\n        <option value=\"Mykonos\">Mykonos<\/option>\n        <option value=\"Rhodes\">Rhodes<\/option>\n        <option value=\"Corfou\">Corfou<\/option>\n        <option value=\"Naxos\">Naxos<\/option>\n        <option value=\"Paros\">Paros<\/option>\n        <option value=\"Kos\">Kos<\/option>\n        <option value=\"Milos\">Milos<\/option>\n      <\/select>\n\n      <label for=\"name\">Votre nom :<\/label>\n      <input type=\"text\" id=\"name\" name=\"name\" placeholder=\"Votre nom\" style=\"width:100%; padding:10px; margin-bottom:15px;\" required>\n\n      <label for=\"email\">Votre email :<\/label>\n      <input type=\"email\" id=\"email\" name=\"email\" placeholder=\"Votre email\" style=\"width:100%; padding:10px; margin-bottom:15px;\" required>\n\n      <label for=\"date\">Date du voyage :<\/label>\n      <input type=\"date\" id=\"date\" name=\"date\" style=\"width:100%; padding:10px; margin-bottom:15px;\" required>\n\n      <label for=\"persons\">Nombre de personnes :<\/label>\n      <input type=\"number\" id=\"persons\" name=\"persons\" min=\"1\" value=\"1\" style=\"width:100%; padding:10px; margin-bottom:20px;\" required>\n\n      <button type=\"submit\" style=\"width:100%; padding:15px; background:#0073e6; color:white; border:none; border-radius:10px; font-size:1em;\">Simuler la r\u00e9servation<\/button>\n    <\/form>\n\n    <p id=\"priceResult\" style=\"margin-top:20px; font-weight:bold; text-align:center;\"><\/p>\n  <\/section>\n<\/script>\n<\/div>\n\t\t\t\t\t\t<\/div>\n\t\t\t\t\t<\/div>\n\t\t\t\t<\/div>\n\t\t<div class=\"elementor-element elementor-element-2e426f6 e-flex e-con-boxed e-con e-parent\" data-id=\"2e426f6\" data-element_type=\"container\" data-e-type=\"container\">\n\t\t\t\t\t<div class=\"e-con-inner\">\n\t\t\t\t<div class=\"elementor-element elementor-element-5c2bcab elementor-widget elementor-widget-spacer\" data-id=\"5c2bcab\" data-element_type=\"widget\" data-e-type=\"widget\" data-widget_type=\"spacer.default\">\n\t\t\t\t\t\t\t<div class=\"elementor-spacer\">\n\t\t\t<div class=\"elementor-spacer-inner\"><\/div>\n\t\t<\/div>\n\t\t\t\t\t\t<\/div>\n\t\t\t\t\t<\/div>\n\t\t\t\t<\/div>\n\t\t\t\t<\/div>\n\t\t","protected":false},"excerpt":{"rendered":"<p>Envie d\u2019\u00e9vasion ? Avec notre simulateur de voyage, cr\u00e9ez en quelques clics votre prochaine escapade en Gr\u00e8ce.Choisissez votre destination coup de c\u0153ur Santorin, Ath\u00e8nes, Cr\u00e8te, Mykonos et bien d\u2019autres puis indiquez vos dates et le nombre de voyageurs. En moins d\u2019une minute, obtenez une simulation personnalis\u00e9e qui vous projette d\u00e9j\u00e0 au soleil, entre plages de &hellip; <\/p>\n<p class=\"link-more\"><a href=\"https:\/\/www.iaenice.com\/m1com13\/elementor-728\/\" class=\"more-link\">Lire la suite de<span class=\"screen-reader-text\">\u00ab\u00a0Simuler votre voyage\u00a0\u00bb<\/span><\/a><\/p>\n","protected":false},"author":1,"featured_media":899,"parent":0,"menu_order":0,"comment_status":"closed","ping_status":"closed","template":"","meta":{"footnotes":""},"class_list":["post-728","page","type-page","status-publish","has-post-thumbnail","hentry"],"_links":{"self":[{"href":"https:\/\/www.iaenice.com\/m1com13\/wp-json\/wp\/v2\/pages\/728","targetHints":{"allow":["GET"]}}],"collection":[{"href":"https:\/\/www.iaenice.com\/m1com13\/wp-json\/wp\/v2\/pages"}],"about":[{"href":"https:\/\/www.iaenice.com\/m1com13\/wp-json\/wp\/v2\/types\/page"}],"author":[{"embeddable":true,"href":"https:\/\/www.iaenice.com\/m1com13\/wp-json\/wp\/v2\/users\/1"}],"replies":[{"embeddable":true,"href":"https:\/\/www.iaenice.com\/m1com13\/wp-json\/wp\/v2\/comments?post=728"}],"version-history":[{"count":47,"href":"https:\/\/www.iaenice.com\/m1com13\/wp-json\/wp\/v2\/pages\/728\/revisions"}],"predecessor-version":[{"id":897,"href":"https:\/\/www.iaenice.com\/m1com13\/wp-json\/wp\/v2\/pages\/728\/revisions\/897"}],"wp:featuredmedia":[{"embeddable":true,"href":"https:\/\/www.iaenice.com\/m1com13\/wp-json\/wp\/v2\/media\/899"}],"wp:attachment":[{"href":"https:\/\/www.iaenice.com\/m1com13\/wp-json\/wp\/v2\/media?parent=728"}],"curies":[{"name":"wp","href":"https:\/\/api.w.org\/{rel}","templated":true}]}}