{"id":62,"date":"2025-09-19T09:27:30","date_gmt":"2025-09-19T09:27:30","guid":{"rendered":"https:\/\/www.iaenice.com\/m1com13\/?page_id=62"},"modified":"2025-10-13T10:21:28","modified_gmt":"2025-10-13T10:21:28","slug":"contact-2","status":"publish","type":"page","link":"https:\/\/www.iaenice.com\/m1com13\/contact-2\/","title":{"rendered":"Contact"},"content":{"rendered":"\t\t<div data-elementor-type=\"wp-page\" data-elementor-id=\"62\" class=\"elementor elementor-62\">\n\t\t\t\t<div class=\"elementor-element elementor-element-954d140 e-con-full e-flex e-con e-parent\" data-id=\"954d140\" data-element_type=\"container\" data-e-type=\"container\">\n\t\t\t\t<div class=\"elementor-element elementor-element-382e813 elementor-widget-mobile__width-initial elementor-invisible elementor-widget elementor-widget-text-editor\" data-id=\"382e813\" data-element_type=\"widget\" data-e-type=\"widget\" data-settings=\"{&quot;_animation&quot;:&quot;flash&quot;}\" data-widget_type=\"text-editor.default\">\n\t\t\t\t\t\t\t\t\t<p>Chaque aventure commence par une id\u00e9e, une envie, un r\u00eave.&nbsp;<\/p>\t\t\t\t\t\t\t\t<\/div>\n\t\t\t\t<\/div>\n\t\t<div class=\"elementor-element elementor-element-40ba4cd e-con-full e-flex e-con e-parent\" data-id=\"40ba4cd\" data-element_type=\"container\" data-e-type=\"container\">\n\t\t\t\t<div class=\"elementor-element elementor-element-073e4f3 elementor-widget-divider--view-line elementor-widget elementor-widget-divider\" data-id=\"073e4f3\" data-element_type=\"widget\" data-e-type=\"widget\" data-widget_type=\"divider.default\">\n\t\t\t\t\t\t\t<div class=\"elementor-divider\">\n\t\t\t<span class=\"elementor-divider-separator\">\n\t\t\t\t\t\t<\/span>\n\t\t<\/div>\n\t\t\t\t\t\t<\/div>\n\t\t\t\t<div class=\"elementor-element elementor-element-ca6e9c8 elementor-widget elementor-widget-heading\" data-id=\"ca6e9c8\" data-element_type=\"widget\" data-e-type=\"widget\" data-widget_type=\"heading.default\">\n\t\t\t\t\t<h2 class=\"elementor-heading-title elementor-size-default\">Nous contacter<\/h2>\t\t\t\t<\/div>\n\t\t\t\t<div class=\"elementor-element elementor-element-c7e10e5 elementor-widget elementor-widget-text-editor\" data-id=\"c7e10e5\" data-element_type=\"widget\" data-e-type=\"widget\" data-widget_type=\"text-editor.default\">\n\t\t\t\t\t\t\t\t\t<p data-start=\"113\" data-end=\"298\"><i>Vous<\/i> <i>r\u00eavez<\/i> <i>d\u2019un<\/i> <i>voyage<\/i> <i>unique,<\/i> <i>pens\u00e9<\/i> <i>sp\u00e9cialement<\/i> <i>pour<\/i> <i>vous<\/i> <i>?<\/i>\u00a0<br data-start=\"177\" data-end=\"180\" \/>Chez <strong data-start=\"185\" data-end=\"198\">Green Way<\/strong>, nous cr\u00e9ons des s\u00e9jours <strong data-start=\"224\" data-end=\"244\">100 % sur-mesure<\/strong>, adapt\u00e9s \u00e0 votre profil, vos envies et vos valeurs.<\/p><p data-start=\"300\" data-end=\"482\">Que vous soyez en couple, en solo, en famille, entre amis ou en qu\u00eate d\u2019aventure, nous imaginons avec vous un itin\u00e9raire qui vous ressemble : authentique, responsable et m\u00e9morable.<\/p>\t\t\t\t\t\t\t\t<\/div>\n\t\t\t\t<\/div>\n\t\t<div class=\"elementor-element elementor-element-e1a29de e-flex e-con-boxed e-con e-parent\" data-id=\"e1a29de\" data-element_type=\"container\" data-e-type=\"container\">\n\t\t\t\t\t<div class=\"e-con-inner\">\n\t\t\t\t<div class=\"elementor-element elementor-element-7e279dc elementor-widget elementor-widget-image\" data-id=\"7e279dc\" data-element_type=\"widget\" data-e-type=\"widget\" data-widget_type=\"image.default\">\n\t\t\t\t\t\t\t\t\t\t\t\t\t\t\t<img fetchpriority=\"high\" decoding=\"async\" width=\"950\" height=\"534\" src=\"https:\/\/www.iaenice.com\/m1com13\/wp-content\/uploads\/2025\/10\/Design-sans-titre-1024x576.jpg\" class=\"attachment-large size-large wp-image-614\" alt=\"\" srcset=\"https:\/\/www.iaenice.com\/m1com13\/wp-content\/uploads\/2025\/10\/Design-sans-titre-1024x576.jpg 1024w, https:\/\/www.iaenice.com\/m1com13\/wp-content\/uploads\/2025\/10\/Design-sans-titre-300x169.jpg 300w, https:\/\/www.iaenice.com\/m1com13\/wp-content\/uploads\/2025\/10\/Design-sans-titre-1536x864.jpg 1536w, https:\/\/www.iaenice.com\/m1com13\/wp-content\/uploads\/2025\/10\/Design-sans-titre-600x338.jpg 600w, https:\/\/www.iaenice.com\/m1com13\/wp-content\/uploads\/2025\/10\/Design-sans-titre-1200x675.jpg 1200w, https:\/\/www.iaenice.com\/m1com13\/wp-content\/uploads\/2025\/10\/Design-sans-titre.jpg 1920w\" sizes=\"100vw\" \/>\t\t\t\t\t\t\t\t\t\t\t\t\t\t\t<\/div>\n\t\t\t\t\t<\/div>\n\t\t\t\t<\/div>\n\t\t<div class=\"elementor-element elementor-element-89279bc e-flex e-con-boxed e-con e-parent\" data-id=\"89279bc\" data-element_type=\"container\" data-e-type=\"container\">\n\t\t\t\t\t<div class=\"e-con-inner\">\n\t\t\t\t<div class=\"elementor-element elementor-element-dc13b35 elementor-widget elementor-widget-spacer\" data-id=\"dc13b35\" data-element_type=\"widget\" data-e-type=\"widget\" data-widget_type=\"spacer.default\">\n\t\t\t\t\t\t\t<div class=\"elementor-spacer\">\n\t\t\t<div class=\"elementor-spacer-inner\"><\/div>\n\t\t<\/div>\n\t\t\t\t\t\t<\/div>\n\t\t\t\t\t<\/div>\n\t\t\t\t<\/div>\n\t\t<div class=\"elementor-element elementor-element-c2ed320 e-con-full e-flex e-con e-parent\" data-id=\"c2ed320\" data-element_type=\"container\" data-e-type=\"container\">\n\t\t<div class=\"elementor-element elementor-element-f7a08e3 e-con-full e-flex e-con e-child\" data-id=\"f7a08e3\" data-element_type=\"container\" data-e-type=\"container\">\n\t\t\t\t<div class=\"elementor-element elementor-element-6a348aa elementor-widget__width-initial elementor-widget elementor-widget-text-editor\" data-id=\"6a348aa\" data-element_type=\"widget\" data-e-type=\"widget\" data-widget_type=\"text-editor.default\">\n\t\t\t\t\t\t\t\t\t<p data-start=\"484\" data-end=\"771\"><strong data-start=\"487\" data-end=\"521\">Contactez-nous d\u00e8s aujourd\u2019hui<\/strong> pour nous parler de vos projets, de vos inspirations ou simplement de vos envies d\u2019\u00e9vasion.<\/p>\n<p data-start=\"484\" data-end=\"771\"><br data-start=\"613\" data-end=\"616\">Notre \u00e9quipe prendra le temps de vous \u00e9couter et de vous proposer un premier \u00e9change personnalis\u00e9 afin de construire ensemble <strong data-start=\"742\" data-end=\"768\">le voyage de vos r\u00eaves<\/strong>.<\/p>\t\t\t\t\t\t\t\t<\/div>\n\t\t\t\t<\/div>\n\t\t<div class=\"elementor-element elementor-element-3ff6d39 e-con-full e-flex e-con e-child\" data-id=\"3ff6d39\" data-element_type=\"container\" data-e-type=\"container\" data-settings=\"{&quot;background_background&quot;:&quot;classic&quot;}\">\n\t\t\t\t<div class=\"elementor-element elementor-element-c9eac1e elementor-widget elementor-widget-spacer\" data-id=\"c9eac1e\" data-element_type=\"widget\" data-e-type=\"widget\" data-widget_type=\"spacer.default\">\n\t\t\t\t\t\t\t<div class=\"elementor-spacer\">\n\t\t\t<div class=\"elementor-spacer-inner\"><\/div>\n\t\t<\/div>\n\t\t\t\t\t\t<\/div>\n\t\t\t\t<div class=\"elementor-element elementor-element-aee6cdd elementor-widget elementor-widget-text-editor\" data-id=\"aee6cdd\" data-element_type=\"widget\" data-e-type=\"widget\" data-widget_type=\"text-editor.default\">\n\t\t\t\t\t\t\t\t\t<p><b style=\"text-align: var(--text-align);\">Par<\/b> <b style=\"text-align: var(--text-align);\">email<\/b> <b style=\"text-align: var(--text-align);\">:<\/b> <u style=\"text-align: var(--text-align);\">contact@greenway.com<\/u><\/p><p><b>Par<\/b> <b>t\u00e9l\u00e9phone<\/b> <b>:<\/b> 06 70 27 31 34<\/p><p>\u00a0<\/p><p><em>Partagez nous vos envies et inspirations, on s&rsquo;occupe du reste !<\/em><\/p>\t\t\t\t\t\t\t\t<\/div>\n\t\t\t\t<div class=\"elementor-element elementor-element-7cdce00 elementor-widget elementor-widget-spacer\" data-id=\"7cdce00\" data-element_type=\"widget\" data-e-type=\"widget\" data-widget_type=\"spacer.default\">\n\t\t\t\t\t\t\t<div class=\"elementor-spacer\">\n\t\t\t<div class=\"elementor-spacer-inner\"><\/div>\n\t\t<\/div>\n\t\t\t\t\t\t<\/div>\n\t\t\t\t<\/div>\n\t\t\t\t<\/div>\n\t\t<div class=\"elementor-element elementor-element-698c872 e-flex e-con-boxed e-con e-parent\" data-id=\"698c872\" data-element_type=\"container\" data-e-type=\"container\">\n\t\t\t\t\t<div class=\"e-con-inner\">\n\t\t\t\t<div class=\"elementor-element elementor-element-79fd4b1 elementor-widget elementor-widget-spacer\" data-id=\"79fd4b1\" data-element_type=\"widget\" data-e-type=\"widget\" data-widget_type=\"spacer.default\">\n\t\t\t\t\t\t\t<div class=\"elementor-spacer\">\n\t\t\t<div class=\"elementor-spacer-inner\"><\/div>\n\t\t<\/div>\n\t\t\t\t\t\t<\/div>\n\t\t\t\t\t<\/div>\n\t\t\t\t<\/div>\n\t\t<div class=\"elementor-element elementor-element-4e36665 e-con-full e-flex e-con e-parent\" data-id=\"4e36665\" data-element_type=\"container\" data-e-type=\"container\">\n\t\t\t\t<div class=\"elementor-element elementor-element-9722944 elementor-widget elementor-widget-heading\" data-id=\"9722944\" data-element_type=\"widget\" data-e-type=\"widget\" data-widget_type=\"heading.default\">\n\t\t\t\t\t<h2 class=\"elementor-heading-title elementor-size-default\">Partagez vos envies <\/h2>\t\t\t\t<\/div>\n\t\t\t\t<\/div>\n\t\t<div class=\"elementor-element elementor-element-7c0c4b3 e-con-full e-flex e-con e-parent\" data-id=\"7c0c4b3\" data-element_type=\"container\" data-e-type=\"container\">\n\t\t\t\t<div class=\"elementor-element elementor-element-57f7140 elementor-widget elementor-widget-text-editor\" data-id=\"57f7140\" data-element_type=\"widget\" data-e-type=\"widget\" data-widget_type=\"text-editor.default\">\n\t\t\t\t\t\t\t\t\t<p>Parce que vos attentes sont au coeur de nos pr\u00e9occupations, nous mettons \u00e0 votre disposition un formulaire de contact pour d\u00e9crire vos envies de voyage.\u00a0<\/p>\t\t\t\t\t\t\t\t<\/div>\n\t\t\t\t<\/div>\n\t\t<div class=\"elementor-element elementor-element-654e55a e-con-full e-flex e-con e-parent\" data-id=\"654e55a\" data-element_type=\"container\" data-e-type=\"container\">\n\t\t\t\t<div class=\"elementor-element elementor-element-09825f7 elementor-widget elementor-widget-heading\" data-id=\"09825f7\" data-element_type=\"widget\" data-e-type=\"widget\" data-widget_type=\"heading.default\">\n\t\t\t\t\t<h2 class=\"elementor-heading-title elementor-size-default\">Et apr\u00e8s ? <\/h2>\t\t\t\t<\/div>\n\t\t\t\t<\/div>\n\t\t<div class=\"elementor-element elementor-element-6518058 e-con-full e-flex e-con e-parent\" data-id=\"6518058\" data-element_type=\"container\" data-e-type=\"container\">\n\t\t\t\t<div class=\"elementor-element elementor-element-dfbd748 elementor-widget elementor-widget-text-editor\" data-id=\"dfbd748\" data-element_type=\"widget\" data-e-type=\"widget\" data-widget_type=\"text-editor.default\">\n\t\t\t\t\t\t\t\t\t<p data-start=\"204\" data-end=\"584\">Remplissez simplement ce formulaire pour nous partager vos envies de voyage. D\u00e8s r\u00e9ception de votre demande, nous vous recontactons personnellement afin d\u2019\u00e9changer avec vous sur vos aspirations, vos besoins et vos attentes. Ensemble, nous prendrons le temps de d\u00e9finir les grandes lignes de votre projet afin de concevoir un voyage 100% personnalis\u00e9, authentique et responsable.<\/p><p data-start=\"586\" data-end=\"781\">Que vous ayez d\u00e9j\u00e0 une id\u00e9e pr\u00e9cise ou seulement une inspiration, notre \u00e9quipe est l\u00e0 pour vous accompagner et transformer vos souhaits en une exp\u00e9rience unique, pens\u00e9e exclusivement pour vous.<\/p>\t\t\t\t\t\t\t\t<\/div>\n\t\t\t\t<div class=\"elementor-element elementor-element-533ef6a elementor-widget elementor-widget-shortcode\" data-id=\"533ef6a\" data-element_type=\"widget\" data-e-type=\"widget\" data-widget_type=\"shortcode.default\">\n\t\t\t\t\t\t\t<div class=\"elementor-shortcode\">\n<div class=\"wpcf7 no-js\" id=\"wpcf7-f296-o1\" lang=\"fr-FR\" dir=\"ltr\" data-wpcf7-id=\"296\">\n<div class=\"screen-reader-response\"><p role=\"status\" aria-live=\"polite\" aria-atomic=\"true\"><\/p> <ul><\/ul><\/div>\n<form action=\"\/m1com13\/wp-json\/wp\/v2\/pages\/62#wpcf7-f296-o1\" method=\"post\" class=\"wpcf7-form init\" aria-label=\"Formulaire de contact\" novalidate=\"novalidate\" data-status=\"init\">\n<fieldset class=\"hidden-fields-container\"><input type=\"hidden\" name=\"_wpcf7\" value=\"296\" \/><input type=\"hidden\" name=\"_wpcf7_version\" value=\"6.1.6\" \/><input type=\"hidden\" name=\"_wpcf7_locale\" value=\"fr_FR\" \/><input type=\"hidden\" name=\"_wpcf7_unit_tag\" value=\"wpcf7-f296-o1\" \/><input type=\"hidden\" name=\"_wpcf7_container_post\" value=\"0\" \/><input type=\"hidden\" name=\"_wpcf7_posted_data_hash\" value=\"\" \/>\n<\/fieldset>\n<p><label> Votre nom<br \/>\n<span class=\"wpcf7-form-control-wrap\" data-name=\"your-name\"><input size=\"40\" maxlength=\"400\" class=\"wpcf7-form-control wpcf7-text wpcf7-validates-as-required\" autocomplete=\"name\" aria-required=\"true\" aria-invalid=\"false\" value=\"\" type=\"text\" name=\"your-name\" \/><\/span> <\/label>\n<\/p>\n<p><label> Votre pr\u00e9nom<br \/>\n<span class=\"wpcf7-form-control-wrap\" data-name=\"your-firstname\"><input size=\"40\" maxlength=\"400\" class=\"wpcf7-form-control wpcf7-text wpcf7-validates-as-required\" autocomplete=\"firstname\" aria-required=\"true\" aria-invalid=\"false\" value=\"\" type=\"text\" name=\"your-firstname\" \/><\/span> <\/label>\n<\/p>\n<p><label> Votre e-mail<br \/>\n<span class=\"wpcf7-form-control-wrap\" data-name=\"your-email\"><input size=\"40\" maxlength=\"400\" class=\"wpcf7-form-control wpcf7-email wpcf7-validates-as-required wpcf7-text wpcf7-validates-as-email\" autocomplete=\"email\" aria-required=\"true\" aria-invalid=\"false\" value=\"\" type=\"email\" name=\"your-email\" \/><\/span> <\/label>\n<\/p>\n<p><label> Objet<br \/>\n<span class=\"wpcf7-form-control-wrap\" data-name=\"your-subject\"><input size=\"40\" maxlength=\"400\" class=\"wpcf7-form-control wpcf7-text wpcf7-validates-as-required\" aria-required=\"true\" aria-invalid=\"false\" value=\"\" type=\"text\" name=\"your-subject\" \/><\/span> <\/label>\n<\/p>\n<p><label> Votre message (facultatif)<br \/>\n<span class=\"wpcf7-form-control-wrap\" data-name=\"your-message\"><textarea cols=\"40\" rows=\"10\" maxlength=\"2000\" class=\"wpcf7-form-control wpcf7-textarea\" aria-invalid=\"false\" name=\"your-message\"><\/textarea><\/span> <\/label>\n<\/p>\n<p><input class=\"wpcf7-form-control wpcf7-submit has-spinner\" type=\"submit\" value=\"Envoyer\" \/>\n<\/p><div class=\"wpcf7-response-output\" aria-hidden=\"true\"><\/div>\n<\/form>\n<\/div>\n<\/div>\n\t\t\t\t\t\t<\/div>\n\t\t\t\t<\/div>\n\t\t<div class=\"elementor-element elementor-element-f5ac8fc e-flex e-con-boxed e-con e-parent\" data-id=\"f5ac8fc\" data-element_type=\"container\" data-e-type=\"container\">\n\t\t\t\t\t<div class=\"e-con-inner\">\n\t\t\t\t<div class=\"elementor-element elementor-element-df5e939 elementor-widget elementor-widget-spacer\" data-id=\"df5e939\" data-element_type=\"widget\" data-e-type=\"widget\" data-widget_type=\"spacer.default\">\n\t\t\t\t\t\t\t<div class=\"elementor-spacer\">\n\t\t\t<div class=\"elementor-spacer-inner\"><\/div>\n\t\t<\/div>\n\t\t\t\t\t\t<\/div>\n\t\t\t\t\t<\/div>\n\t\t\t\t<\/div>\n\t\t\t\t<\/div>\n\t\t","protected":false},"excerpt":{"rendered":"<p>Chaque aventure commence par une id\u00e9e, une envie, un r\u00eave.&nbsp; Nous contacter Vous r\u00eavez d\u2019un voyage unique, pens\u00e9 sp\u00e9cialement pour vous ?\u00a0Chez Green Way, nous cr\u00e9ons des s\u00e9jours 100 % sur-mesure, adapt\u00e9s \u00e0 votre profil, vos envies et vos valeurs. Que vous soyez en couple, en solo, en famille, entre amis ou en qu\u00eate d\u2019aventure, &hellip; <\/p>\n<p class=\"link-more\"><a href=\"https:\/\/www.iaenice.com\/m1com13\/contact-2\/\" class=\"more-link\">Lire la suite de<span class=\"screen-reader-text\">\u00ab\u00a0Contact\u00a0\u00bb<\/span><\/a><\/p>\n","protected":false},"author":1,"featured_media":104,"parent":0,"menu_order":0,"comment_status":"closed","ping_status":"closed","template":"","meta":{"footnotes":""},"class_list":["post-62","page","type-page","status-publish","has-post-thumbnail","hentry"],"_links":{"self":[{"href":"https:\/\/www.iaenice.com\/m1com13\/wp-json\/wp\/v2\/pages\/62","targetHints":{"allow":["GET"]}}],"collection":[{"href":"https:\/\/www.iaenice.com\/m1com13\/wp-json\/wp\/v2\/pages"}],"about":[{"href":"https:\/\/www.iaenice.com\/m1com13\/wp-json\/wp\/v2\/types\/page"}],"author":[{"embeddable":true,"href":"https:\/\/www.iaenice.com\/m1com13\/wp-json\/wp\/v2\/users\/1"}],"replies":[{"embeddable":true,"href":"https:\/\/www.iaenice.com\/m1com13\/wp-json\/wp\/v2\/comments?post=62"}],"version-history":[{"count":32,"href":"https:\/\/www.iaenice.com\/m1com13\/wp-json\/wp\/v2\/pages\/62\/revisions"}],"predecessor-version":[{"id":973,"href":"https:\/\/www.iaenice.com\/m1com13\/wp-json\/wp\/v2\/pages\/62\/revisions\/973"}],"wp:featuredmedia":[{"embeddable":true,"href":"https:\/\/www.iaenice.com\/m1com13\/wp-json\/wp\/v2\/media\/104"}],"wp:attachment":[{"href":"https:\/\/www.iaenice.com\/m1com13\/wp-json\/wp\/v2\/media?parent=62"}],"curies":[{"name":"wp","href":"https:\/\/api.w.org\/{rel}","templated":true}]}}