{"id":52,"date":"2025-09-19T09:53:10","date_gmt":"2025-09-19T09:53:10","guid":{"rendered":"https:\/\/www.iaenice.com\/m1com13\/?page_id=52"},"modified":"2025-10-10T09:25:30","modified_gmt":"2025-10-10T09:25:30","slug":"nos-voyages","status":"publish","type":"page","link":"https:\/\/www.iaenice.com\/m1com13\/nos-voyages\/","title":{"rendered":"Nos voyages"},"content":{"rendered":"\t\t<div data-elementor-type=\"wp-page\" data-elementor-id=\"52\" class=\"elementor elementor-52\">\n\t\t\t\t<div class=\"elementor-element elementor-element-3ba4b74 e-flex e-con-boxed e-con e-parent\" data-id=\"3ba4b74\" data-element_type=\"container\" data-e-type=\"container\">\n\t\t\t\t\t<div class=\"e-con-inner\">\n\t\t\t\t<div class=\"elementor-element elementor-element-d3e754d elementor-widget elementor-widget-heading\" data-id=\"d3e754d\" data-element_type=\"widget\" data-e-type=\"widget\" data-widget_type=\"heading.default\">\n\t\t\t\t\t<h2 class=\"elementor-heading-title elementor-size-default\">Les voyages \u00e0 travers l'exp\u00e9rience nos clients<\/h2>\t\t\t\t<\/div>\n\t\t\t\t<div class=\"elementor-element elementor-element-ae747ed elementor-widget-divider--view-line elementor-widget elementor-widget-divider\" data-id=\"ae747ed\" data-element_type=\"widget\" data-e-type=\"widget\" data-widget_type=\"divider.default\">\n\t\t\t\t\t\t\t<div class=\"elementor-divider\">\n\t\t\t<span class=\"elementor-divider-separator\">\n\t\t\t\t\t\t<\/span>\n\t\t<\/div>\n\t\t\t\t\t\t<\/div>\n\t\t\t\t<div class=\"elementor-element elementor-element-72b8fbc elementor-widget elementor-widget-video\" data-id=\"72b8fbc\" data-element_type=\"widget\" data-e-type=\"widget\" data-settings=\"{&quot;video_type&quot;:&quot;hosted&quot;,&quot;autoplay&quot;:&quot;yes&quot;,&quot;controls&quot;:&quot;yes&quot;}\" data-widget_type=\"video.default\">\n\t\t\t\t\t\t\t<div class=\"e-hosted-video elementor-wrapper elementor-open-inline\">\n\t\t\t\t\t<video class=\"elementor-video\" src=\"https:\/\/www.iaenice.com\/m1com13\/wp-content\/uploads\/2025\/10\/ScreenRecording_10-08-2025-11-38-28_1.mov\" autoplay=\"\" controls=\"\" controlsList=\"nodownload\"><\/video>\n\t\t\t\t<\/div>\n\t\t\t\t\t\t<\/div>\n\t\t\t\t<div class=\"elementor-element elementor-element-b2557af elementor-widget elementor-widget-text-editor\" data-id=\"b2557af\" data-element_type=\"widget\" data-e-type=\"widget\" data-widget_type=\"text-editor.default\">\n\t\t\t\t\t\t\t\t\t<p data-start=\"193\" data-end=\"490\">D\u00e9couvrez le monde \u00e0 travers les yeux de nos voyageurs !<\/p><p data-start=\"193\" data-end=\"490\">Sur notre compte Pinterest, nous partageons les plus beaux clich\u00e9s de celles et ceux qui nous ont fait confiance pour organiser leur s\u00e9jour. Chaque photo raconte une histoire, un souvenir, une \u00e9motion captur\u00e9e aux quatre coins du globe.<\/p><p data-start=\"492\" data-end=\"657\">De paysages grandioses aux instants de vie authentiques, ces images t\u00e9moignent de la richesse des exp\u00e9riences v\u00e9cues et de la diversit\u00e9 des destinations explor\u00e9es.<\/p><p data-start=\"659\" data-end=\"761\">Laissez-vous inspirer par leurs aventures et imaginez d\u00e8s aujourd\u2019hui le prochain chapitre du v\u00f4tre.<\/p><p data-start=\"659\" data-end=\"761\"><strong><a href=\"https:\/\/fr.pinterest.com\/greenwayofficiel\/?actingBusinessId=987484793203902535\">En savoir plus&#8230;<\/a><\/strong><\/p>\t\t\t\t\t\t\t\t<\/div>\n\t\t\t\t\t<\/div>\n\t\t\t\t<\/div>\n\t\t<div class=\"elementor-element elementor-element-05269f9 e-flex e-con-boxed e-con e-parent\" data-id=\"05269f9\" data-element_type=\"container\" data-e-type=\"container\">\n\t\t\t\t\t<div class=\"e-con-inner\">\n\t\t\t\t<div class=\"elementor-element elementor-element-36d2710 elementor-widget elementor-widget-spacer\" data-id=\"36d2710\" data-element_type=\"widget\" data-e-type=\"widget\" data-widget_type=\"spacer.default\">\n\t\t\t\t\t\t\t<div class=\"elementor-spacer\">\n\t\t\t<div class=\"elementor-spacer-inner\"><\/div>\n\t\t<\/div>\n\t\t\t\t\t\t<\/div>\n\t\t\t\t<div class=\"elementor-element elementor-element-c455171 elementor-widget elementor-widget-heading\" data-id=\"c455171\" data-element_type=\"widget\" data-e-type=\"widget\" data-widget_type=\"heading.default\">\n\t\t\t\t\t<h2 class=\"elementor-heading-title elementor-size-default\">Articles<\/h2>\t\t\t\t<\/div>\n\t\t\t\t<div class=\"elementor-element elementor-element-17ee856 elementor-widget-divider--view-line elementor-widget elementor-widget-divider\" data-id=\"17ee856\" data-element_type=\"widget\" data-e-type=\"widget\" data-widget_type=\"divider.default\">\n\t\t\t\t\t\t\t<div class=\"elementor-divider\">\n\t\t\t<span class=\"elementor-divider-separator\">\n\t\t\t\t\t\t<\/span>\n\t\t<\/div>\n\t\t\t\t\t\t<\/div>\n\t\t\t\t\t<\/div>\n\t\t\t\t<\/div>\n\t\t<div class=\"elementor-element elementor-element-904f98d e-flex e-con-boxed e-con e-parent\" data-id=\"904f98d\" data-element_type=\"container\" data-e-type=\"container\">\n\t\t\t\t\t<div class=\"e-con-inner\">\n\t\t\t\t<div class=\"elementor-element elementor-element-b3fad27 elementor-widget elementor-widget-video\" data-id=\"b3fad27\" data-element_type=\"widget\" data-e-type=\"widget\" data-settings=\"{&quot;video_type&quot;:&quot;hosted&quot;,&quot;autoplay&quot;:&quot;yes&quot;,&quot;controls&quot;:&quot;yes&quot;}\" data-widget_type=\"video.default\">\n\t\t\t\t\t\t\t<div class=\"e-hosted-video elementor-wrapper elementor-open-inline\">\n\t\t\t\t\t<video class=\"elementor-video\" src=\"https:\/\/www.iaenice.com\/m1com13\/wp-content\/uploads\/2025\/10\/ScreenRecording_10-08-2025-14-07-03_1.mov\" autoplay=\"\" controls=\"\" controlsList=\"nodownload\"><\/video>\n\t\t\t\t<\/div>\n\t\t\t\t\t\t<\/div>\n\t\t\t\t\t<\/div>\n\t\t\t\t<\/div>\n\t\t<div class=\"elementor-element elementor-element-fd701d7 e-flex e-con-boxed e-con e-parent\" data-id=\"fd701d7\" data-element_type=\"container\" data-e-type=\"container\">\n\t\t\t\t\t<div class=\"e-con-inner\">\n\t\t\t\t<div class=\"elementor-element elementor-element-252ac5f elementor-widget elementor-widget-text-editor\" data-id=\"252ac5f\" data-element_type=\"widget\" data-e-type=\"widget\" data-widget_type=\"text-editor.default\">\n\t\t\t\t\t\t\t\t\t<p data-start=\"168\" data-end=\"446\">Plongez au c\u0153ur de l\u2019inspiration et de la d\u00e9couverte \u00e0 travers nos articles d\u00e9di\u00e9s au voyage. Que vous cherchiez des id\u00e9es de destinations, des conseils pratiques pour pr\u00e9parer votre s\u00e9jour ou simplement l\u2019envie de vous \u00e9vader depuis chez vous, cette page est faite pour vous.<\/p><p data-start=\"448\" data-end=\"672\">De l\u2019Europe aux confins de l\u2019Asie, en passant par des escapades proches de chez vous, nos articles vous invitent \u00e0 explorer le monde autrement : r\u00e9cits, bons plans, itin\u00e9raires et coups de c\u0153ur partag\u00e9s par des passionn\u00e9s.<\/p><p data-start=\"674\" data-end=\"749\">Chaque article est une invitation \u00e0 r\u00eaver, planifier et vivre l\u2019aventure.<\/p><p data-start=\"674\" data-end=\"749\"><strong><a href=\"https:\/\/www.iaenice.com\/m1com13\/articles\/\">En savoir plus&#8230;<\/a><\/strong><\/p>\t\t\t\t\t\t\t\t<\/div>\n\t\t\t\t\t<\/div>\n\t\t\t\t<\/div>\n\t\t\t\t<\/div>\n\t\t","protected":false},"excerpt":{"rendered":"<p>Les voyages \u00e0 travers l&rsquo;exp\u00e9rience nos clients https:\/\/www.iaenice.com\/m1com13\/wp-content\/uploads\/2025\/10\/ScreenRecording_10-08-2025-11-38-28_1.mov D\u00e9couvrez le monde \u00e0 travers les yeux de nos voyageurs ! Sur notre compte Pinterest, nous partageons les plus beaux clich\u00e9s de celles et ceux qui nous ont fait confiance pour organiser leur s\u00e9jour. Chaque photo raconte une histoire, un souvenir, une \u00e9motion captur\u00e9e aux quatre coins &hellip; <\/p>\n<p class=\"link-more\"><a href=\"https:\/\/www.iaenice.com\/m1com13\/nos-voyages\/\" class=\"more-link\">Lire la suite de<span class=\"screen-reader-text\">\u00ab\u00a0Nos voyages\u00a0\u00bb<\/span><\/a><\/p>\n","protected":false},"author":1,"featured_media":303,"parent":0,"menu_order":0,"comment_status":"closed","ping_status":"closed","template":"","meta":{"footnotes":""},"class_list":["post-52","page","type-page","status-publish","has-post-thumbnail","hentry"],"_links":{"self":[{"href":"https:\/\/www.iaenice.com\/m1com13\/wp-json\/wp\/v2\/pages\/52","targetHints":{"allow":["GET"]}}],"collection":[{"href":"https:\/\/www.iaenice.com\/m1com13\/wp-json\/wp\/v2\/pages"}],"about":[{"href":"https:\/\/www.iaenice.com\/m1com13\/wp-json\/wp\/v2\/types\/page"}],"author":[{"embeddable":true,"href":"https:\/\/www.iaenice.com\/m1com13\/wp-json\/wp\/v2\/users\/1"}],"replies":[{"embeddable":true,"href":"https:\/\/www.iaenice.com\/m1com13\/wp-json\/wp\/v2\/comments?post=52"}],"version-history":[{"count":76,"href":"https:\/\/www.iaenice.com\/m1com13\/wp-json\/wp\/v2\/pages\/52\/revisions"}],"predecessor-version":[{"id":887,"href":"https:\/\/www.iaenice.com\/m1com13\/wp-json\/wp\/v2\/pages\/52\/revisions\/887"}],"wp:featuredmedia":[{"embeddable":true,"href":"https:\/\/www.iaenice.com\/m1com13\/wp-json\/wp\/v2\/media\/303"}],"wp:attachment":[{"href":"https:\/\/www.iaenice.com\/m1com13\/wp-json\/wp\/v2\/media?parent=52"}],"curies":[{"name":"wp","href":"https:\/\/api.w.org\/{rel}","templated":true}]}}