{"id":48,"date":"2025-09-26T08:33:58","date_gmt":"2025-09-26T08:33:58","guid":{"rendered":"https:\/\/www.iaenice.com\/m1com13\/?page_id=48"},"modified":"2025-10-10T09:24:03","modified_gmt":"2025-10-10T09:24:03","slug":"voyage-dune-vie","status":"publish","type":"page","link":"https:\/\/www.iaenice.com\/m1com13\/voyage-dune-vie\/","title":{"rendered":"Voyage d&rsquo;une vie"},"content":{"rendered":"\t\t<div data-elementor-type=\"wp-page\" data-elementor-id=\"48\" class=\"elementor elementor-48\">\n\t\t\t\t<div class=\"elementor-element elementor-element-1283181 e-flex e-con-boxed e-con e-parent\" data-id=\"1283181\" data-element_type=\"container\" data-e-type=\"container\">\n\t\t\t\t\t<div class=\"e-con-inner\">\n\t\t\t\t<div class=\"elementor-element elementor-element-b7d2da4 elementor-widget elementor-widget-heading\" data-id=\"b7d2da4\" data-element_type=\"widget\" data-e-type=\"widget\" data-widget_type=\"heading.default\">\n\t\t\t\t\t<h2 class=\"elementor-heading-title elementor-size-default\">Parce que certains r\u00eaves m\u00e9ritent d\u2019\u00eatre v\u00e9cus pleinement\n<\/h2>\t\t\t\t<\/div>\n\t\t\t\t\t<\/div>\n\t\t\t\t<\/div>\n\t\t<div class=\"elementor-element elementor-element-4fc8083 e-flex e-con-boxed e-con e-parent\" data-id=\"4fc8083\" data-element_type=\"container\" data-e-type=\"container\">\n\t\t\t\t\t<div class=\"e-con-inner\">\n\t\t\t\t<div class=\"elementor-element elementor-element-6d2a6ad elementor-widget elementor-widget-text-editor\" data-id=\"6d2a6ad\" data-element_type=\"widget\" data-e-type=\"widget\" data-widget_type=\"text-editor.default\">\n\t\t\t\t\t\t\t\t\t<p><span style=\"font-weight: 400;\">Il y a des voyages qui ne ressemblent pas aux autres. Des projets qui m\u00fbrissent pendant des mois, parfois des ann\u00e9es, pour c\u00e9l\u00e9brer une \u00e9tape importante, un moment unique ou une occasion sp\u00e9ciale. Que ce soit un tour du monde, une exp\u00e9dition inoubliable, une grande aventure en famille ou un voyage symbolique, nous vous accompagnons pour le rendre exceptionnel.<\/span><\/p>\t\t\t\t\t\t\t\t<\/div>\n\t\t\t\t\t<\/div>\n\t\t\t\t<\/div>\n\t\t<div class=\"elementor-element elementor-element-34e9767 e-flex e-con-boxed e-con e-parent\" data-id=\"34e9767\" data-element_type=\"container\" data-e-type=\"container\">\n\t\t\t\t\t<div class=\"e-con-inner\">\n\t\t\t\t<div class=\"elementor-element elementor-element-0782582 elementor-widget elementor-widget-wpzoom-elementor-addons-carousel\" data-id=\"0782582\" data-element_type=\"widget\" data-e-type=\"widget\" data-settings=\"{&quot;animation_speed&quot;:300,&quot;autoplay&quot;:&quot;yes&quot;,&quot;autoplay_speed&quot;:3000,&quot;loop&quot;:&quot;yes&quot;,&quot;navigation&quot;:&quot;arrow&quot;,&quot;slides_to_show&quot;:4,&quot;slides_to_show_tablet&quot;:3,&quot;slides_to_show_mobile&quot;:2}\" data-widget_type=\"wpzoom-elementor-addons-carousel.default\">\n\t\t\t\t<div class=\"elementor-widget-container\">\n\t\t\t\t\t<div class=\"wpzjs-slick wpz-slick wpz-slick--carousel\">\n\n\t\t\t\n\t\t\t\t<div class=\"wpz-slick-slide\">\n\t\t\t\t\t<div class=\"wpz-slick-item\">\n\t\t\t\t\t\t\t\t\t\t\t\t\t<img decoding=\"async\" class=\"wpz-slick-img\" src=\"https:\/\/www.iaenice.com\/m1com13\/wp-content\/uploads\/2025\/10\/9.png\" alt=\"\">\n\t\t\t\t\t\t\n\t\t\t\t\t\t\t\t\t\t\t<\/div>\n\t\t\t\t<\/div>\n\n\t\t\t\n\t\t\t\t<div class=\"wpz-slick-slide\">\n\t\t\t\t\t<div class=\"wpz-slick-item\">\n\t\t\t\t\t\t\t\t\t\t\t\t\t<img decoding=\"async\" class=\"wpz-slick-img\" src=\"https:\/\/www.iaenice.com\/m1com13\/wp-content\/uploads\/2025\/10\/5-1.png\" alt=\"\">\n\t\t\t\t\t\t\n\t\t\t\t\t\t\t\t\t\t\t<\/div>\n\t\t\t\t<\/div>\n\n\t\t\t\n\t\t\t\t<div class=\"wpz-slick-slide\">\n\t\t\t\t\t<div class=\"wpz-slick-item\">\n\t\t\t\t\t\t\t\t\t\t\t\t\t<img decoding=\"async\" class=\"wpz-slick-img\" src=\"https:\/\/www.iaenice.com\/m1com13\/wp-content\/uploads\/2025\/10\/8-1.png\" alt=\"\">\n\t\t\t\t\t\t\n\t\t\t\t\t\t\t\t\t\t\t<\/div>\n\t\t\t\t<\/div>\n\n\t\t\t\n\t\t\t\t<div class=\"wpz-slick-slide\">\n\t\t\t\t\t<div class=\"wpz-slick-item\">\n\t\t\t\t\t\t\t\t\t\t\t\t\t<img decoding=\"async\" class=\"wpz-slick-img\" src=\"https:\/\/www.iaenice.com\/m1com13\/wp-content\/uploads\/2025\/10\/7-1.png\" alt=\"\">\n\t\t\t\t\t\t\n\t\t\t\t\t\t\t\t\t\t\t<\/div>\n\t\t\t\t<\/div>\n\n\t\t\t\n\t\t\t\t<div class=\"wpz-slick-slide\">\n\t\t\t\t\t<div class=\"wpz-slick-item\">\n\t\t\t\t\t\t\t\t\t\t\t\t\t<img decoding=\"async\" class=\"wpz-slick-img\" src=\"https:\/\/www.iaenice.com\/m1com13\/wp-content\/uploads\/2025\/10\/3-1.png\" alt=\"\">\n\t\t\t\t\t\t\n\t\t\t\t\t\t\t\t\t\t\t<\/div>\n\t\t\t\t<\/div>\n\n\t\t\t\n\t\t\t\t<div class=\"wpz-slick-slide\">\n\t\t\t\t\t<div class=\"wpz-slick-item\">\n\t\t\t\t\t\t\t\t\t\t\t\t\t<img decoding=\"async\" class=\"wpz-slick-img\" src=\"https:\/\/www.iaenice.com\/m1com13\/wp-content\/uploads\/2025\/10\/2-1.png\" alt=\"\">\n\t\t\t\t\t\t\n\t\t\t\t\t\t\t\t\t\t\t<\/div>\n\t\t\t\t<\/div>\n\n\t\t\t\n\t\t<\/div>\n\n\t\t\t\t\t<button type=\"button\" class=\"slick-prev\"><svg aria-hidden=\"true\" class=\"e-font-icon-svg e-fas-chevron-left\" viewBox=\"0 0 320 512\" xmlns=\"http:\/\/www.w3.org\/2000\/svg\"><path d=\"M34.52 239.03L228.87 44.69c9.37-9.37 24.57-9.37 33.94 0l22.67 22.67c9.36 9.36 9.37 24.52.04 33.9L131.49 256l154.02 154.75c9.34 9.38 9.32 24.54-.04 33.9l-22.67 22.67c-9.37 9.37-24.57 9.37-33.94 0L34.52 272.97c-9.37-9.37-9.37-24.57 0-33.94z\"><\/path><\/svg><\/button>\n\t\t\n\t\t\t\t\t<button type=\"button\" class=\"slick-next\"><svg aria-hidden=\"true\" class=\"e-font-icon-svg e-fas-chevron-right\" viewBox=\"0 0 320 512\" xmlns=\"http:\/\/www.w3.org\/2000\/svg\"><path d=\"M285.476 272.971L91.132 467.314c-9.373 9.373-24.569 9.373-33.941 0l-22.667-22.667c-9.357-9.357-9.375-24.522-.04-33.901L188.505 256 34.484 101.255c-9.335-9.379-9.317-24.544.04-33.901l22.667-22.667c9.373-9.373 24.569-9.373 33.941 0L285.475 239.03c9.373 9.372 9.373 24.568.001 33.941z\"><\/path><\/svg><\/button>\n\t\t\n\t\t\t\t\t\t<\/div>\n\t\t\t\t<\/div>\n\t\t\t\t\t<\/div>\n\t\t\t\t<\/div>\n\t\t<div class=\"elementor-element elementor-element-4649a29 e-flex e-con-boxed e-con e-parent\" data-id=\"4649a29\" data-element_type=\"container\" data-e-type=\"container\">\n\t\t\t\t\t<div class=\"e-con-inner\">\n\t\t\t\t<div class=\"elementor-element elementor-element-a786922 elementor-widget elementor-widget-spacer\" data-id=\"a786922\" data-element_type=\"widget\" data-e-type=\"widget\" data-widget_type=\"spacer.default\">\n\t\t\t\t\t\t\t<div class=\"elementor-spacer\">\n\t\t\t<div class=\"elementor-spacer-inner\"><\/div>\n\t\t<\/div>\n\t\t\t\t\t\t<\/div>\n\t\t\t\t\t<\/div>\n\t\t\t\t<\/div>\n\t\t<div class=\"elementor-element elementor-element-061302e e-flex e-con-boxed e-con e-parent\" data-id=\"061302e\" data-element_type=\"container\" data-e-type=\"container\">\n\t\t\t\t\t<div class=\"e-con-inner\">\n\t\t\t\t<div class=\"elementor-element elementor-element-f3bcbf8 elementor-widget elementor-widget-heading\" data-id=\"f3bcbf8\" data-element_type=\"widget\" data-e-type=\"widget\" data-widget_type=\"heading.default\">\n\t\t\t\t\t<h2 class=\"elementor-heading-title elementor-size-default\">Un projet qui se construit dans le temps\n<\/h2>\t\t\t\t<\/div>\n\t\t\t\t\t<\/div>\n\t\t\t\t<\/div>\n\t\t<div class=\"elementor-element elementor-element-470ba18 e-flex e-con-boxed e-con e-parent\" data-id=\"470ba18\" data-element_type=\"container\" data-e-type=\"container\">\n\t\t\t\t\t<div class=\"e-con-inner\">\n\t\t\t\t<div class=\"elementor-element elementor-element-f79e1f7 elementor-widget elementor-widget-text-editor\" data-id=\"f79e1f7\" data-element_type=\"widget\" data-e-type=\"widget\" data-widget_type=\"text-editor.default\">\n\t\t\t\t\t\t\t\t\t<p><span style=\"font-weight: 400;\">Un tel voyage ne s\u2019improvise pas. Il demande de la r\u00e9flexion, de la pr\u00e9paration et une \u00e9coute attentive de vos envies. Notre r\u00f4le est de vous guider pas \u00e0 pas, de transformer vos inspirations en itin\u00e9raire concret, et de concevoir une exp\u00e9rience qui vous ressemble, dans les moindres d\u00e9tails.<\/span><\/p>\t\t\t\t\t\t\t\t<\/div>\n\t\t\t\t<div class=\"elementor-element elementor-element-cb22650 elementor-widget elementor-widget-spacer\" data-id=\"cb22650\" data-element_type=\"widget\" data-e-type=\"widget\" data-widget_type=\"spacer.default\">\n\t\t\t\t\t\t\t<div class=\"elementor-spacer\">\n\t\t\t<div class=\"elementor-spacer-inner\"><\/div>\n\t\t<\/div>\n\t\t\t\t\t\t<\/div>\n\t\t\t\t<div class=\"elementor-element elementor-element-9ecfa7b elementor-widget elementor-widget-heading\" data-id=\"9ecfa7b\" data-element_type=\"widget\" data-e-type=\"widget\" data-widget_type=\"heading.default\">\n\t\t\t\t\t<h2 class=\"elementor-heading-title elementor-size-default\">Voyager moins, voyager mieux<\/h2>\t\t\t\t<\/div>\n\t\t\t\t<div class=\"elementor-element elementor-element-0443a99 elementor-widget elementor-widget-text-editor\" data-id=\"0443a99\" data-element_type=\"widget\" data-e-type=\"widget\" data-widget_type=\"text-editor.default\">\n\t\t\t\t\t\t\t\t\t<p><span style=\"font-weight: 400;\">Nous croyons que le voyage d\u2019une vie n\u2019a pas besoin de se r\u00e9p\u00e9ter chaque ann\u00e9e. Dans un monde o\u00f9 le tourisme a un impact r\u00e9el sur les cultures, les territoires et l\u2019environnement, nous encourageons une approche plus responsable : partir moins souvent, mais vivre des exp\u00e9riences plus profondes et plus marquantes.<\/span><\/p>\t\t\t\t\t\t\t\t<\/div>\n\t\t\t\t<div class=\"elementor-element elementor-element-78a9b71 elementor-widget elementor-widget-spacer\" data-id=\"78a9b71\" data-element_type=\"widget\" data-e-type=\"widget\" data-widget_type=\"spacer.default\">\n\t\t\t\t\t\t\t<div class=\"elementor-spacer\">\n\t\t\t<div class=\"elementor-spacer-inner\"><\/div>\n\t\t<\/div>\n\t\t\t\t\t\t<\/div>\n\t\t\t\t\t<\/div>\n\t\t\t\t<\/div>\n\t\t<div class=\"elementor-element elementor-element-6160410 e-flex e-con-boxed e-con e-parent\" data-id=\"6160410\" data-element_type=\"container\" data-e-type=\"container\">\n\t\t\t\t\t<div class=\"e-con-inner\">\n\t\t\t\t<div class=\"elementor-element elementor-element-3ca9bd9 elementor-widget__width-initial elementor-widget elementor-widget-image\" data-id=\"3ca9bd9\" data-element_type=\"widget\" data-e-type=\"widget\" data-widget_type=\"image.default\">\n\t\t\t\t\t\t\t\t\t\t\t\t\t\t\t<img fetchpriority=\"high\" decoding=\"async\" width=\"600\" height=\"200\" src=\"https:\/\/www.iaenice.com\/m1com13\/wp-content\/uploads\/2025\/10\/banniere-web-soldes-collection-automne-mode-moderne-beige-marron-1.png\" class=\"attachment-large size-large wp-image-766\" alt=\"\" srcset=\"https:\/\/www.iaenice.com\/m1com13\/wp-content\/uploads\/2025\/10\/banniere-web-soldes-collection-automne-mode-moderne-beige-marron-1.png 600w, https:\/\/www.iaenice.com\/m1com13\/wp-content\/uploads\/2025\/10\/banniere-web-soldes-collection-automne-mode-moderne-beige-marron-1-300x100.png 300w\" sizes=\"100vw\" \/>\t\t\t\t\t\t\t\t\t\t\t\t\t\t\t<\/div>\n\t\t\t\t\t<\/div>\n\t\t\t\t<\/div>\n\t\t<div class=\"elementor-element elementor-element-d73dcf9 e-flex e-con-boxed e-con e-parent\" data-id=\"d73dcf9\" data-element_type=\"container\" data-e-type=\"container\">\n\t\t\t\t\t<div class=\"e-con-inner\">\n\t\t\t\t<div class=\"elementor-element elementor-element-1096e16 elementor-widget elementor-widget-video\" data-id=\"1096e16\" data-element_type=\"widget\" data-e-type=\"widget\" data-settings=\"{&quot;video_type&quot;:&quot;hosted&quot;,&quot;autoplay&quot;:&quot;yes&quot;,&quot;controls&quot;:&quot;yes&quot;}\" data-widget_type=\"video.default\">\n\t\t\t\t\t\t\t<div class=\"e-hosted-video elementor-wrapper elementor-open-inline\">\n\t\t\t\t\t<video class=\"elementor-video\" src=\"https:\/\/www.iaenice.com\/m1com13\/wp-content\/uploads\/2025\/10\/videos-sites.mp4\" autoplay=\"\" controls=\"\" controlsList=\"nodownload\"><\/video>\n\t\t\t\t<\/div>\n\t\t\t\t\t\t<\/div>\n\t\t\t\t\t<\/div>\n\t\t\t\t<\/div>\n\t\t<div class=\"elementor-element elementor-element-c81fc6a e-flex e-con-boxed e-con e-parent\" data-id=\"c81fc6a\" data-element_type=\"container\" data-e-type=\"container\">\n\t\t\t\t\t<div class=\"e-con-inner\">\n\t\t\t\t<div class=\"elementor-element elementor-element-861ab40 elementor-widget elementor-widget-text-editor\" data-id=\"861ab40\" data-element_type=\"widget\" data-e-type=\"widget\" data-widget_type=\"text-editor.default\">\n\t\t\t\t\t\t\t\t\t<h3><em>\u00ab\u00a0Un voyage d&rsquo;exception se construit avec soin.\u00a0<\/em><em>Nous transformons vos inspirations en itin\u00e9raire sur mesure, en vous guidant pas \u00e0 pas pour cr\u00e9er une exp\u00e9rience unique, pens\u00e9e dans les moindres d\u00e9tails.\u00a0\u00bb<\/em><\/h3>\t\t\t\t\t\t\t\t<\/div>\n\t\t\t\t\t<\/div>\n\t\t\t\t<\/div>\n\t\t<div class=\"elementor-element elementor-element-ef229e0 e-flex e-con-boxed e-con e-parent\" data-id=\"ef229e0\" data-element_type=\"container\" data-e-type=\"container\">\n\t\t\t\t\t<div class=\"e-con-inner\">\n\t\t\t\t<div class=\"elementor-element elementor-element-fb221d3 elementor-widget-divider--view-line elementor-widget elementor-widget-divider\" data-id=\"fb221d3\" data-element_type=\"widget\" data-e-type=\"widget\" data-widget_type=\"divider.default\">\n\t\t\t\t\t\t\t<div class=\"elementor-divider\">\n\t\t\t<span class=\"elementor-divider-separator\">\n\t\t\t\t\t\t<\/span>\n\t\t<\/div>\n\t\t\t\t\t\t<\/div>\n\t\t\t\t<div class=\"elementor-element elementor-element-fa4c434 elementor-widget elementor-widget-spacer\" data-id=\"fa4c434\" data-element_type=\"widget\" data-e-type=\"widget\" data-widget_type=\"spacer.default\">\n\t\t\t\t\t\t\t<div class=\"elementor-spacer\">\n\t\t\t<div class=\"elementor-spacer-inner\"><\/div>\n\t\t<\/div>\n\t\t\t\t\t\t<\/div>\n\t\t\t\t<div class=\"elementor-element elementor-element-787c15d elementor-widget elementor-widget-heading\" data-id=\"787c15d\" data-element_type=\"widget\" data-e-type=\"widget\" data-widget_type=\"heading.default\">\n\t\t\t\t\t<h2 class=\"elementor-heading-title elementor-size-default\">Une aventure unique, un souvenir \u00e9ternel\n<\/h2>\t\t\t\t<\/div>\n\t\t\t\t\t<\/div>\n\t\t\t\t<\/div>\n\t\t<div class=\"elementor-element elementor-element-5230e25 e-flex e-con-boxed e-con e-parent\" data-id=\"5230e25\" data-element_type=\"container\" data-e-type=\"container\">\n\t\t\t\t\t<div class=\"e-con-inner\">\n\t\t\t\t<div class=\"elementor-element elementor-element-74ee9a1 elementor-widget elementor-widget-text-editor\" data-id=\"74ee9a1\" data-element_type=\"widget\" data-e-type=\"widget\" data-widget_type=\"text-editor.default\">\n\t\t\t\t\t\t\t\t\t<p><span style=\"font-weight: 400;\">Un voyage d\u2019une vie, c\u2019est plus qu\u2019une destination. C\u2019est une rencontre avec soi-m\u00eame, une immersion totale dans un ailleurs, et la promesse de souvenirs qui resteront grav\u00e9s \u00e0 jamais.<\/span><\/p>\t\t\t\t\t\t\t\t<\/div>\n\t\t\t\t\t<\/div>\n\t\t\t\t<\/div>\n\t\t<div class=\"elementor-element elementor-element-2ecadab e-flex e-con-boxed e-con e-parent\" data-id=\"2ecadab\" data-element_type=\"container\" data-e-type=\"container\">\n\t\t\t\t\t<div class=\"e-con-inner\">\n\t\t\t\t<div class=\"elementor-element elementor-element-f66eb5e elementor-widget elementor-widget-spacer\" data-id=\"f66eb5e\" data-element_type=\"widget\" data-e-type=\"widget\" data-widget_type=\"spacer.default\">\n\t\t\t\t\t\t\t<div class=\"elementor-spacer\">\n\t\t\t<div class=\"elementor-spacer-inner\"><\/div>\n\t\t<\/div>\n\t\t\t\t\t\t<\/div>\n\t\t\t\t<div class=\"elementor-element elementor-element-80a880e elementor-align-center elementor-widget elementor-widget-button\" data-id=\"80a880e\" data-element_type=\"widget\" data-e-type=\"widget\" data-widget_type=\"button.default\">\n\t\t\t\t\t\t\t\t\t\t<a class=\"elementor-button elementor-button-link elementor-size-sm\" href=\"https:\/\/www.iaenice.com\/m1com13\/construire-son-voyage\/\">\n\t\t\t\t\t\t<span class=\"elementor-button-content-wrapper\">\n\t\t\t\t\t\t\t\t\t<span class=\"elementor-button-text\">Cr\u00e9er mon voyage<\/span>\n\t\t\t\t\t<\/span>\n\t\t\t\t\t<\/a>\n\t\t\t\t\t\t\t\t<\/div>\n\t\t\t\t<div class=\"elementor-element elementor-element-d01d427 elementor-widget elementor-widget-spacer\" data-id=\"d01d427\" data-element_type=\"widget\" data-e-type=\"widget\" data-widget_type=\"spacer.default\">\n\t\t\t\t\t\t\t<div class=\"elementor-spacer\">\n\t\t\t<div class=\"elementor-spacer-inner\"><\/div>\n\t\t<\/div>\n\t\t\t\t\t\t<\/div>\n\t\t\t\t\t<\/div>\n\t\t\t\t<\/div>\n\t\t\t\t<\/div>\n\t\t","protected":false},"excerpt":{"rendered":"<p>Parce que certains r\u00eaves m\u00e9ritent d\u2019\u00eatre v\u00e9cus pleinement Il y a des voyages qui ne ressemblent pas aux autres. Des projets qui m\u00fbrissent pendant des mois, parfois des ann\u00e9es, pour c\u00e9l\u00e9brer une \u00e9tape importante, un moment unique ou une occasion sp\u00e9ciale. Que ce soit un tour du monde, une exp\u00e9dition inoubliable, une grande aventure en &hellip; <\/p>\n<p class=\"link-more\"><a href=\"https:\/\/www.iaenice.com\/m1com13\/voyage-dune-vie\/\" class=\"more-link\">Lire la suite de<span class=\"screen-reader-text\">\u00ab\u00a0Voyage d&rsquo;une vie\u00a0\u00bb<\/span><\/a><\/p>\n","protected":false},"author":1,"featured_media":510,"parent":0,"menu_order":0,"comment_status":"closed","ping_status":"closed","template":"","meta":{"footnotes":""},"class_list":["post-48","page","type-page","status-publish","has-post-thumbnail","hentry"],"_links":{"self":[{"href":"https:\/\/www.iaenice.com\/m1com13\/wp-json\/wp\/v2\/pages\/48","targetHints":{"allow":["GET"]}}],"collection":[{"href":"https:\/\/www.iaenice.com\/m1com13\/wp-json\/wp\/v2\/pages"}],"about":[{"href":"https:\/\/www.iaenice.com\/m1com13\/wp-json\/wp\/v2\/types\/page"}],"author":[{"embeddable":true,"href":"https:\/\/www.iaenice.com\/m1com13\/wp-json\/wp\/v2\/users\/1"}],"replies":[{"embeddable":true,"href":"https:\/\/www.iaenice.com\/m1com13\/wp-json\/wp\/v2\/comments?post=48"}],"version-history":[{"count":19,"href":"https:\/\/www.iaenice.com\/m1com13\/wp-json\/wp\/v2\/pages\/48\/revisions"}],"predecessor-version":[{"id":878,"href":"https:\/\/www.iaenice.com\/m1com13\/wp-json\/wp\/v2\/pages\/48\/revisions\/878"}],"wp:featuredmedia":[{"embeddable":true,"href":"https:\/\/www.iaenice.com\/m1com13\/wp-json\/wp\/v2\/media\/510"}],"wp:attachment":[{"href":"https:\/\/www.iaenice.com\/m1com13\/wp-json\/wp\/v2\/media?parent=48"}],"curies":[{"name":"wp","href":"https:\/\/api.w.org\/{rel}","templated":true}]}}