{"id":46,"date":"2025-09-26T08:51:34","date_gmt":"2025-09-26T08:51:34","guid":{"rendered":"https:\/\/www.iaenice.com\/m1com13\/?page_id=46"},"modified":"2025-10-08T12:42:02","modified_gmt":"2025-10-08T12:42:02","slug":"nos-services","status":"publish","type":"page","link":"https:\/\/www.iaenice.com\/m1com13\/nos-services\/","title":{"rendered":"Nos services"},"content":{"rendered":"\t\t<div data-elementor-type=\"wp-page\" data-elementor-id=\"46\" class=\"elementor elementor-46\">\n\t\t\t\t<div class=\"elementor-element elementor-element-4ee8021 e-flex e-con-boxed e-con e-parent\" data-id=\"4ee8021\" data-element_type=\"container\" data-e-type=\"container\">\n\t\t\t\t\t<div class=\"e-con-inner\">\n\t\t\t\t<div class=\"elementor-element elementor-element-ad7b2bc elementor-widget elementor-widget-text-editor\" data-id=\"ad7b2bc\" data-element_type=\"widget\" data-e-type=\"widget\" data-widget_type=\"text-editor.default\">\n\t\t\t\t\t\t\t\t\t<p>Green Way vous accompagne dans la cr\u00e9ation de voyages uniques, con\u00e7us pour allier <strong data-start=\"239\" data-end=\"289\">plaisir, authenticit\u00e9 et respect de la plan\u00e8te<\/strong>. Nos services sont pens\u00e9s pour vous offrir une exp\u00e9rience personnalis\u00e9e de bout en bout, afin que votre s\u00e9jour devienne une v\u00e9ritable aventure sur-mesure.<\/p>\t\t\t\t\t\t\t\t<\/div>\n\t\t\t\t\t<\/div>\n\t\t\t\t<\/div>\n\t\t<div class=\"elementor-element elementor-element-9222aa8 e-flex e-con-boxed elementor-invisible e-con e-parent\" data-id=\"9222aa8\" data-element_type=\"container\" data-e-type=\"container\" data-settings=\"{&quot;animation&quot;:&quot;fadeInLeft&quot;,&quot;animation_delay&quot;:100}\">\n\t\t\t\t\t<div class=\"e-con-inner\">\n\t\t<div class=\"elementor-element elementor-element-c688794 e-con-full e-flex e-con e-child\" data-id=\"c688794\" data-element_type=\"container\" data-e-type=\"container\">\n\t\t\t\t<div class=\"elementor-element elementor-element-4c82ffe elementor-widget elementor-widget-image\" data-id=\"4c82ffe\" data-element_type=\"widget\" data-e-type=\"widget\" data-widget_type=\"image.default\">\n\t\t\t\t\t\t\t\t\t\t\t\t\t\t\t<img fetchpriority=\"high\" decoding=\"async\" width=\"736\" height=\"470\" src=\"https:\/\/www.iaenice.com\/m1com13\/wp-content\/uploads\/2025\/09\/11.jpg\" class=\"attachment-large size-large wp-image-216\" alt=\"\" srcset=\"https:\/\/www.iaenice.com\/m1com13\/wp-content\/uploads\/2025\/09\/11.jpg 736w, https:\/\/www.iaenice.com\/m1com13\/wp-content\/uploads\/2025\/09\/11-300x192.jpg 300w, https:\/\/www.iaenice.com\/m1com13\/wp-content\/uploads\/2025\/09\/11-600x383.jpg 600w\" sizes=\"100vw\" \/>\t\t\t\t\t\t\t\t\t\t\t\t\t\t\t<\/div>\n\t\t\t\t<\/div>\n\t\t<div class=\"elementor-element elementor-element-4c3136a e-con-full e-flex e-con e-child\" data-id=\"4c3136a\" data-element_type=\"container\" data-e-type=\"container\">\n\t\t\t\t<div class=\"elementor-element elementor-element-119df48 elementor-widget elementor-widget-text-editor\" data-id=\"119df48\" data-element_type=\"widget\" data-e-type=\"widget\" data-widget_type=\"text-editor.default\">\n\t\t\t\t\t\t\t\t\t<h3 data-start=\"450\" data-end=\"483\">Voyages 100 % personnalis\u00e9s<\/h3><p data-start=\"484\" data-end=\"735\">Chaque voyage est construit autour de vos envies. Que vous r\u00eaviez d\u2019un road trip sauvage, d\u2019une immersion culturelle, d\u2019une escapade romantique ou d\u2019un s\u00e9jour d\u00e9tente, nous imaginons un itin\u00e9raire adapt\u00e9 \u00e0 votre profil, votre budget et votre rythme.<\/p>\t\t\t\t\t\t\t\t<\/div>\n\t\t\t\t<\/div>\n\t\t\t\t\t<\/div>\n\t\t\t\t<\/div>\n\t\t<div class=\"elementor-element elementor-element-3e11380 e-flex e-con-boxed elementor-invisible e-con e-parent\" data-id=\"3e11380\" data-element_type=\"container\" data-e-type=\"container\" data-settings=\"{&quot;animation&quot;:&quot;fadeInRight&quot;,&quot;animation_delay&quot;:200}\">\n\t\t\t\t\t<div class=\"e-con-inner\">\n\t\t<div class=\"elementor-element elementor-element-ac40e60 e-con-full e-flex e-con e-child\" data-id=\"ac40e60\" data-element_type=\"container\" data-e-type=\"container\">\n\t\t\t\t<div class=\"elementor-element elementor-element-64b06da elementor-widget elementor-widget-text-editor\" data-id=\"64b06da\" data-element_type=\"widget\" data-e-type=\"widget\" data-widget_type=\"text-editor.default\">\n\t\t\t\t\t\t\t\t\t<h3 data-start=\"737\" data-end=\"775\">Exp\u00e9riences locales authentiques<\/h3><p data-start=\"776\" data-end=\"1052\">Nous privil\u00e9gions les rencontres et les d\u00e9couvertes qui donnent du sens au voyage. Gr\u00e2ce \u00e0 nos partenaires locaux, vous vivez des moments uniques : ateliers culinaires, randonn\u00e9es guid\u00e9es, s\u00e9jours chez l\u2019habitant, d\u00e9couvertes culturelles\u2026 toujours loin du tourisme de masse.<\/p>\t\t\t\t\t\t\t\t<\/div>\n\t\t\t\t<\/div>\n\t\t<div class=\"elementor-element elementor-element-2c315b8 e-con-full e-flex e-con e-child\" data-id=\"2c315b8\" data-element_type=\"container\" data-e-type=\"container\">\n\t\t\t\t<div class=\"elementor-element elementor-element-f176b21 elementor-widget elementor-widget-image\" data-id=\"f176b21\" data-element_type=\"widget\" data-e-type=\"widget\" data-widget_type=\"image.default\">\n\t\t\t\t\t\t\t\t\t\t\t\t\t\t\t<img decoding=\"async\" width=\"736\" height=\"414\" src=\"https:\/\/www.iaenice.com\/m1com13\/wp-content\/uploads\/2025\/09\/siren-aesthetic.jpg\" class=\"attachment-large size-large wp-image-211\" alt=\"\" srcset=\"https:\/\/www.iaenice.com\/m1com13\/wp-content\/uploads\/2025\/09\/siren-aesthetic.jpg 736w, https:\/\/www.iaenice.com\/m1com13\/wp-content\/uploads\/2025\/09\/siren-aesthetic-300x169.jpg 300w, https:\/\/www.iaenice.com\/m1com13\/wp-content\/uploads\/2025\/09\/siren-aesthetic-600x338.jpg 600w\" sizes=\"100vw\" \/>\t\t\t\t\t\t\t\t\t\t\t\t\t\t\t<\/div>\n\t\t\t\t<\/div>\n\t\t\t\t\t<\/div>\n\t\t\t\t<\/div>\n\t\t<div class=\"elementor-element elementor-element-84f9ccb e-flex e-con-boxed elementor-invisible e-con e-parent\" data-id=\"84f9ccb\" data-element_type=\"container\" data-e-type=\"container\" data-settings=\"{&quot;animation&quot;:&quot;fadeInLeft&quot;,&quot;animation_delay&quot;:300}\">\n\t\t\t\t\t<div class=\"e-con-inner\">\n\t\t<div class=\"elementor-element elementor-element-a0dab52 e-con-full e-flex e-con e-child\" data-id=\"a0dab52\" data-element_type=\"container\" data-e-type=\"container\">\n\t\t<div class=\"elementor-element elementor-element-9d6cd15 e-con-full e-flex e-con e-child\" data-id=\"9d6cd15\" data-element_type=\"container\" data-e-type=\"container\">\n\t\t\t\t<div class=\"elementor-element elementor-element-71fab93 elementor-widget elementor-widget-image\" data-id=\"71fab93\" data-element_type=\"widget\" data-e-type=\"widget\" data-widget_type=\"image.default\">\n\t\t\t\t\t\t\t\t\t\t\t\t\t\t\t<img decoding=\"async\" width=\"736\" height=\"491\" src=\"https:\/\/www.iaenice.com\/m1com13\/wp-content\/uploads\/2025\/09\/Download-premium-image-of-Rainforest-landscape-tree-vegetation-rainforest_-by-Boom-about-pine-tea-background-jungle-cloud-and-animal-12485730.jpg\" class=\"attachment-large size-large wp-image-214\" alt=\"\" srcset=\"https:\/\/www.iaenice.com\/m1com13\/wp-content\/uploads\/2025\/09\/Download-premium-image-of-Rainforest-landscape-tree-vegetation-rainforest_-by-Boom-about-pine-tea-background-jungle-cloud-and-animal-12485730.jpg 736w, https:\/\/www.iaenice.com\/m1com13\/wp-content\/uploads\/2025\/09\/Download-premium-image-of-Rainforest-landscape-tree-vegetation-rainforest_-by-Boom-about-pine-tea-background-jungle-cloud-and-animal-12485730-300x200.jpg 300w, https:\/\/www.iaenice.com\/m1com13\/wp-content\/uploads\/2025\/09\/Download-premium-image-of-Rainforest-landscape-tree-vegetation-rainforest_-by-Boom-about-pine-tea-background-jungle-cloud-and-animal-12485730-600x400.jpg 600w\" sizes=\"100vw\" \/>\t\t\t\t\t\t\t\t\t\t\t\t\t\t\t<\/div>\n\t\t\t\t<\/div>\n\t\t<div class=\"elementor-element elementor-element-7ee0d8b e-con-full e-flex e-con e-child\" data-id=\"7ee0d8b\" data-element_type=\"container\" data-e-type=\"container\">\n\t\t\t\t<div class=\"elementor-element elementor-element-a7be91f elementor-widget elementor-widget-text-editor\" data-id=\"a7be91f\" data-element_type=\"widget\" data-e-type=\"widget\" data-widget_type=\"text-editor.default\">\n\t\t\t\t\t\t\t\t\t<h3 data-start=\"1054\" data-end=\"1082\">Engagement responsable<\/h3><p data-start=\"1083\" data-end=\"1395\">Voyager, c\u2019est aussi prot\u00e9ger ce que l\u2019on d\u00e9couvre. Green Way s\u00e9lectionne des h\u00e9bergements \u00e9coresponsables, soutient les circuits courts et refuse toute activit\u00e9 nuisible \u00e0 la nature ou au bien-\u00eatre animal. Notre objectif : vous permettre de profiter pleinement de votre voyage tout en ayant un impact positif.<\/p><p data-start=\"1083\" data-end=\"1395\"><a href=\"https:\/\/www.iaenice.com\/m1com13\/nos-engagements\/\">En savoir plus.<\/a><\/p>\t\t\t\t\t\t\t\t<\/div>\n\t\t\t\t<\/div>\n\t\t\t\t<\/div>\n\t\t\t\t\t<\/div>\n\t\t\t\t<\/div>\n\t\t<div class=\"elementor-element elementor-element-524b264 e-flex e-con-boxed elementor-invisible e-con e-parent\" data-id=\"524b264\" data-element_type=\"container\" data-e-type=\"container\" data-settings=\"{&quot;animation&quot;:&quot;fadeInRight&quot;,&quot;animation_delay&quot;:400}\">\n\t\t\t\t\t<div class=\"e-con-inner\">\n\t\t<div class=\"elementor-element elementor-element-f0d5c41 e-con-full e-flex e-con e-child\" data-id=\"f0d5c41\" data-element_type=\"container\" data-e-type=\"container\">\n\t\t<div class=\"elementor-element elementor-element-351c5fb e-con-full e-flex e-con e-child\" data-id=\"351c5fb\" data-element_type=\"container\" data-e-type=\"container\">\n\t\t\t\t<div class=\"elementor-element elementor-element-b505698 elementor-widget elementor-widget-text-editor\" data-id=\"b505698\" data-element_type=\"widget\" data-e-type=\"widget\" data-widget_type=\"text-editor.default\">\n\t\t\t\t\t\t\t\t\t<h3 data-start=\"1397\" data-end=\"1442\">Conseils et accompagnement personnalis\u00e9<\/h3><p data-start=\"1443\" data-end=\"1699\">Vous n\u2019\u00eates jamais seul. D\u00e8s la premi\u00e8re prise de contact, un conseiller Green Way vous guide, vous inspire et vous aide \u00e0 construire votre projet pas \u00e0 pas. De la pr\u00e9paration \u00e0 votre retour, nous restons disponibles pour vous offrir s\u00e9r\u00e9nit\u00e9 et confort.<\/p>\t\t\t\t\t\t\t\t<\/div>\n\t\t\t\t<\/div>\n\t\t<div class=\"elementor-element elementor-element-cb35b25 e-con-full e-flex e-con e-child\" data-id=\"cb35b25\" data-element_type=\"container\" data-e-type=\"container\">\n\t\t\t\t<div class=\"elementor-element elementor-element-4bc2869 elementor-widget elementor-widget-image\" data-id=\"4bc2869\" data-element_type=\"widget\" data-e-type=\"widget\" data-widget_type=\"image.default\">\n\t\t\t\t\t\t\t\t\t\t\t\t\t\t\t<img loading=\"lazy\" decoding=\"async\" width=\"735\" height=\"412\" src=\"https:\/\/www.iaenice.com\/m1com13\/wp-content\/uploads\/2025\/09\/12.jpg\" class=\"attachment-large size-large wp-image-215\" alt=\"\" srcset=\"https:\/\/www.iaenice.com\/m1com13\/wp-content\/uploads\/2025\/09\/12.jpg 735w, https:\/\/www.iaenice.com\/m1com13\/wp-content\/uploads\/2025\/09\/12-300x168.jpg 300w, https:\/\/www.iaenice.com\/m1com13\/wp-content\/uploads\/2025\/09\/12-600x336.jpg 600w\" sizes=\"100vw\" \/>\t\t\t\t\t\t\t\t\t\t\t\t\t\t\t<\/div>\n\t\t\t\t<\/div>\n\t\t\t\t<\/div>\n\t\t\t\t\t<\/div>\n\t\t\t\t<\/div>\n\t\t<div class=\"elementor-element elementor-element-45631cd e-flex e-con-boxed elementor-invisible e-con e-parent\" data-id=\"45631cd\" data-element_type=\"container\" data-e-type=\"container\" data-settings=\"{&quot;animation&quot;:&quot;fadeInLeft&quot;,&quot;animation_delay&quot;:500}\">\n\t\t\t\t\t<div class=\"e-con-inner\">\n\t\t<div class=\"elementor-element elementor-element-825a280 e-con-full e-flex e-con e-child\" data-id=\"825a280\" data-element_type=\"container\" data-e-type=\"container\">\n\t\t\t\t<div class=\"elementor-element elementor-element-647f877 elementor-widget elementor-widget-image\" data-id=\"647f877\" data-element_type=\"widget\" data-e-type=\"widget\" data-widget_type=\"image.default\">\n\t\t\t\t\t\t\t\t\t\t\t\t\t\t\t<img loading=\"lazy\" decoding=\"async\" width=\"736\" height=\"454\" src=\"https:\/\/www.iaenice.com\/m1com13\/wp-content\/uploads\/2025\/09\/AVIONES.jpg\" class=\"attachment-large size-large wp-image-212\" alt=\"\" srcset=\"https:\/\/www.iaenice.com\/m1com13\/wp-content\/uploads\/2025\/09\/AVIONES.jpg 736w, https:\/\/www.iaenice.com\/m1com13\/wp-content\/uploads\/2025\/09\/AVIONES-300x185.jpg 300w, https:\/\/www.iaenice.com\/m1com13\/wp-content\/uploads\/2025\/09\/AVIONES-600x370.jpg 600w\" sizes=\"100vw\" \/>\t\t\t\t\t\t\t\t\t\t\t\t\t\t\t<\/div>\n\t\t\t\t<\/div>\n\t\t<div class=\"elementor-element elementor-element-60a36e1 e-con-full e-flex e-con e-child\" data-id=\"60a36e1\" data-element_type=\"container\" data-e-type=\"container\">\n\t\t\t\t<div class=\"elementor-element elementor-element-11fdb11 elementor-widget elementor-widget-text-editor\" data-id=\"11fdb11\" data-element_type=\"widget\" data-e-type=\"widget\" data-widget_type=\"text-editor.default\">\n\t\t\t\t\t\t\t\t\t<h3 data-start=\"1701\" data-end=\"1738\">Inspirations &amp; id\u00e9es de voyages<\/h3><p data-start=\"1739\" data-end=\"2071\">Vous n\u2019avez pas encore de destination en t\u00eate ? Notre s\u00e9lection d\u2019inspirations vous aide \u00e0 trouver le voyage qui vous correspond : plages paradisiaques, city-trips, s\u00e9jours culturels, aventures nature ou grands road trips. Ce ne sont pas des catalogues fig\u00e9s, mais des points de d\u00e9part pour cr\u00e9er ensemble votre exp\u00e9rience unique.<\/p>\t\t\t\t\t\t\t\t<\/div>\n\t\t\t\t<\/div>\n\t\t\t\t\t<\/div>\n\t\t\t\t<\/div>\n\t\t<div class=\"elementor-element elementor-element-2531b0e e-flex e-con-boxed e-con e-parent\" data-id=\"2531b0e\" data-element_type=\"container\" data-e-type=\"container\">\n\t\t\t\t\t<div class=\"e-con-inner\">\n\t\t\t\t<div class=\"elementor-element elementor-element-28a1144 elementor-widget elementor-widget-spacer\" data-id=\"28a1144\" data-element_type=\"widget\" data-e-type=\"widget\" data-widget_type=\"spacer.default\">\n\t\t\t\t\t\t\t<div class=\"elementor-spacer\">\n\t\t\t<div class=\"elementor-spacer-inner\"><\/div>\n\t\t<\/div>\n\t\t\t\t\t\t<\/div>\n\t\t\t\t\t<\/div>\n\t\t\t\t<\/div>\n\t\t<div class=\"elementor-element elementor-element-d872e0d e-flex e-con-boxed e-con e-parent\" data-id=\"d872e0d\" data-element_type=\"container\" data-e-type=\"container\">\n\t\t\t\t\t<div class=\"e-con-inner\">\n\t\t\t\t<div class=\"elementor-element elementor-element-395cc09 elementor-align-center elementor-widget elementor-widget-button\" data-id=\"395cc09\" data-element_type=\"widget\" data-e-type=\"widget\" data-widget_type=\"button.default\">\n\t\t\t\t\t\t\t\t\t\t<a class=\"elementor-button elementor-button-link elementor-size-sm\" href=\"https:\/\/www.iaenice.com\/m1com13\/nos-voyages\/\">\n\t\t\t\t\t\t<span class=\"elementor-button-content-wrapper\">\n\t\t\t\t\t\t\t\t\t<span class=\"elementor-button-text\">En savoir plus...<\/span>\n\t\t\t\t\t<\/span>\n\t\t\t\t\t<\/a>\n\t\t\t\t\t\t\t\t<\/div>\n\t\t\t\t<div class=\"elementor-element elementor-element-757f940 elementor-widget elementor-widget-spacer\" data-id=\"757f940\" data-element_type=\"widget\" data-e-type=\"widget\" data-widget_type=\"spacer.default\">\n\t\t\t\t\t\t\t<div class=\"elementor-spacer\">\n\t\t\t<div class=\"elementor-spacer-inner\"><\/div>\n\t\t<\/div>\n\t\t\t\t\t\t<\/div>\n\t\t\t\t\t<\/div>\n\t\t\t\t<\/div>\n\t\t\t\t<\/div>\n\t\t","protected":false},"excerpt":{"rendered":"<p>Green Way vous accompagne dans la cr\u00e9ation de voyages uniques, con\u00e7us pour allier plaisir, authenticit\u00e9 et respect de la plan\u00e8te. Nos services sont pens\u00e9s pour vous offrir une exp\u00e9rience personnalis\u00e9e de bout en bout, afin que votre s\u00e9jour devienne une v\u00e9ritable aventure sur-mesure. Voyages 100 % personnalis\u00e9s Chaque voyage est construit autour de vos envies. &hellip; <\/p>\n<p class=\"link-more\"><a href=\"https:\/\/www.iaenice.com\/m1com13\/nos-services\/\" class=\"more-link\">Lire la suite de<span class=\"screen-reader-text\">\u00ab\u00a0Nos services\u00a0\u00bb<\/span><\/a><\/p>\n","protected":false},"author":1,"featured_media":205,"parent":0,"menu_order":0,"comment_status":"closed","ping_status":"closed","template":"","meta":{"footnotes":""},"class_list":["post-46","page","type-page","status-publish","has-post-thumbnail","hentry"],"_links":{"self":[{"href":"https:\/\/www.iaenice.com\/m1com13\/wp-json\/wp\/v2\/pages\/46","targetHints":{"allow":["GET"]}}],"collection":[{"href":"https:\/\/www.iaenice.com\/m1com13\/wp-json\/wp\/v2\/pages"}],"about":[{"href":"https:\/\/www.iaenice.com\/m1com13\/wp-json\/wp\/v2\/types\/page"}],"author":[{"embeddable":true,"href":"https:\/\/www.iaenice.com\/m1com13\/wp-json\/wp\/v2\/users\/1"}],"replies":[{"embeddable":true,"href":"https:\/\/www.iaenice.com\/m1com13\/wp-json\/wp\/v2\/comments?post=46"}],"version-history":[{"count":22,"href":"https:\/\/www.iaenice.com\/m1com13\/wp-json\/wp\/v2\/pages\/46\/revisions"}],"predecessor-version":[{"id":706,"href":"https:\/\/www.iaenice.com\/m1com13\/wp-json\/wp\/v2\/pages\/46\/revisions\/706"}],"wp:featuredmedia":[{"embeddable":true,"href":"https:\/\/www.iaenice.com\/m1com13\/wp-json\/wp\/v2\/media\/205"}],"wp:attachment":[{"href":"https:\/\/www.iaenice.com\/m1com13\/wp-json\/wp\/v2\/media?parent=46"}],"curies":[{"name":"wp","href":"https:\/\/api.w.org\/{rel}","templated":true}]}}