{"id":42,"date":"2025-09-19T09:53:33","date_gmt":"2025-09-19T09:53:33","guid":{"rendered":"https:\/\/www.iaenice.com\/m1com13\/?page_id=42"},"modified":"2025-10-13T09:57:04","modified_gmt":"2025-10-13T09:57:04","slug":"nos-engagements","status":"publish","type":"page","link":"https:\/\/www.iaenice.com\/m1com13\/nos-engagements\/","title":{"rendered":"Nos engagements"},"content":{"rendered":"\t\t<div data-elementor-type=\"wp-page\" data-elementor-id=\"42\" class=\"elementor elementor-42\">\n\t\t\t\t<div class=\"elementor-element elementor-element-dabe135 e-flex e-con-boxed e-con e-parent\" data-id=\"dabe135\" data-element_type=\"container\" data-e-type=\"container\">\n\t\t\t\t\t<div class=\"e-con-inner\">\n\t\t<div class=\"elementor-element elementor-element-8a83f02 e-con-full e-flex e-con e-child\" data-id=\"8a83f02\" data-element_type=\"container\" data-e-type=\"container\">\n\t\t<div class=\"elementor-element elementor-element-db28c93 e-con-full e-flex e-con e-child\" data-id=\"db28c93\" data-element_type=\"container\" data-e-type=\"container\">\n\t\t\t\t<div class=\"elementor-element elementor-element-41f1215 elementor-widget elementor-widget-heading\" data-id=\"41f1215\" data-element_type=\"widget\" data-e-type=\"widget\" data-widget_type=\"heading.default\">\n\t\t\t\t\t<h2 class=\"elementor-heading-title elementor-size-default\">Voyager, c'est plus que partir <\/h2>\t\t\t\t<\/div>\n\t\t<div class=\"elementor-element elementor-element-695d83e e-con-full e-flex e-con e-child\" data-id=\"695d83e\" data-element_type=\"container\" data-e-type=\"container\">\n\t\t\t\t<div class=\"elementor-element elementor-element-98b7371 elementor-widget elementor-widget-text-editor\" data-id=\"98b7371\" data-element_type=\"widget\" data-e-type=\"widget\" data-widget_type=\"text-editor.default\">\n\t\t\t\t\t\t\t\t\t<p>Chez nous, <b>chaque<\/b> <b>voyage<\/b> <b>se<\/b> <b>construit<\/b> <b>avec<\/b> <b>vous,<\/b> <b>et<\/b> <b>pour<\/b> <b>vous<\/b>. Nous croyons que les plus belles aventures naissent de l&rsquo;\u00e9quilibre entre vos envies profondes et notre expertise du terrain.\u00a0<\/p>\t\t\t\t\t\t\t\t<\/div>\n\t\t\t\t<\/div>\n\t\t\t\t<\/div>\n\t\t\t\t<\/div>\n\t\t\t\t<div class=\"elementor-element elementor-element-d5c5174 elementor-widget elementor-widget-image\" data-id=\"d5c5174\" data-element_type=\"widget\" data-e-type=\"widget\" data-widget_type=\"image.default\">\n\t\t\t\t\t\t\t\t\t\t\t\t\t\t\t<img fetchpriority=\"high\" decoding=\"async\" width=\"562\" height=\"560\" src=\"https:\/\/www.iaenice.com\/m1com13\/wp-content\/uploads\/2025\/09\/Capture-decran-2025-09-26-a-20.44.39.png\" class=\"attachment-large size-large wp-image-236\" alt=\"\" srcset=\"https:\/\/www.iaenice.com\/m1com13\/wp-content\/uploads\/2025\/09\/Capture-decran-2025-09-26-a-20.44.39.png 562w, https:\/\/www.iaenice.com\/m1com13\/wp-content\/uploads\/2025\/09\/Capture-decran-2025-09-26-a-20.44.39-300x300.png 300w, https:\/\/www.iaenice.com\/m1com13\/wp-content\/uploads\/2025\/09\/Capture-decran-2025-09-26-a-20.44.39-150x150.png 150w\" sizes=\"100vw\" \/>\t\t\t\t\t\t\t\t\t\t\t\t\t\t\t<\/div>\n\t\t\t\t\t<\/div>\n\t\t\t\t<\/div>\n\t\t<div class=\"elementor-element elementor-element-59e3467 e-flex e-con-boxed e-con e-parent\" data-id=\"59e3467\" data-element_type=\"container\" data-e-type=\"container\">\n\t\t\t\t\t<div class=\"e-con-inner\">\n\t\t<div class=\"elementor-element elementor-element-27ba18e e-con-full e-flex e-con e-child\" data-id=\"27ba18e\" data-element_type=\"container\" data-e-type=\"container\">\n\t\t\t\t<div class=\"elementor-element elementor-element-fd4209c elementor-widget elementor-widget-image\" data-id=\"fd4209c\" data-element_type=\"widget\" data-e-type=\"widget\" data-widget_type=\"image.default\">\n\t\t\t\t\t\t\t\t\t\t\t\t\t\t\t<img decoding=\"async\" width=\"564\" height=\"560\" src=\"https:\/\/www.iaenice.com\/m1com13\/wp-content\/uploads\/2025\/09\/Capture-decran-2025-09-26-a-20.46.37.png\" class=\"attachment-large size-large wp-image-237\" alt=\"\" srcset=\"https:\/\/www.iaenice.com\/m1com13\/wp-content\/uploads\/2025\/09\/Capture-decran-2025-09-26-a-20.46.37.png 564w, https:\/\/www.iaenice.com\/m1com13\/wp-content\/uploads\/2025\/09\/Capture-decran-2025-09-26-a-20.46.37-300x298.png 300w, https:\/\/www.iaenice.com\/m1com13\/wp-content\/uploads\/2025\/09\/Capture-decran-2025-09-26-a-20.46.37-150x150.png 150w\" sizes=\"100vw\" \/>\t\t\t\t\t\t\t\t\t\t\t\t\t\t\t<\/div>\n\t\t\t\t<\/div>\n\t\t<div class=\"elementor-element elementor-element-038a4ca e-con-full e-flex e-con e-child\" data-id=\"038a4ca\" data-element_type=\"container\" data-e-type=\"container\">\n\t\t<div class=\"elementor-element elementor-element-6978535 e-con-full e-flex e-con e-child\" data-id=\"6978535\" data-element_type=\"container\" data-e-type=\"container\">\n\t\t\t\t<div class=\"elementor-element elementor-element-5ccd279 elementor-widget elementor-widget-heading\" data-id=\"5ccd279\" data-element_type=\"widget\" data-e-type=\"widget\" data-widget_type=\"heading.default\">\n\t\t\t\t\t<h2 class=\"elementor-heading-title elementor-size-default\">Des voyages co-construits <\/h2>\t\t\t\t<\/div>\n\t\t\t\t<\/div>\n\t\t<div class=\"elementor-element elementor-element-b9bc27a e-con-full e-flex e-con e-child\" data-id=\"b9bc27a\" data-element_type=\"container\" data-e-type=\"container\">\n\t\t\t\t<div class=\"elementor-element elementor-element-35f684a elementor-widget__width-initial elementor-widget elementor-widget-text-editor\" data-id=\"35f684a\" data-element_type=\"widget\" data-e-type=\"widget\" data-widget_type=\"text-editor.default\">\n\t\t\t\t\t\t\t\t\t<p>Votre voyage n&rsquo;existe pas encore : il se cr\u00e9e pas \u00e0 pas, en fonction de vos r\u00eaves, de vos passions et de votre rythme. Nous \u00e9changeons avec vous pour imaginer ensemble un itin\u00e9raire unique, qui <b>vous<\/b> <b>correspond<\/b> <b>\u00e0<\/b> <b>100%<\/b>.\u00a0<\/p>\t\t\t\t\t\t\t\t<\/div>\n\t\t\t\t<\/div>\n\t\t\t\t<\/div>\n\t\t\t\t\t<\/div>\n\t\t\t\t<\/div>\n\t\t<div class=\"elementor-element elementor-element-8c00117 e-flex e-con-boxed e-con e-parent\" data-id=\"8c00117\" data-element_type=\"container\" data-e-type=\"container\">\n\t\t\t\t\t<div class=\"e-con-inner\">\n\t\t\t\t<div class=\"elementor-element elementor-element-bfb783e elementor-widget elementor-widget-spacer\" data-id=\"bfb783e\" data-element_type=\"widget\" data-e-type=\"widget\" data-widget_type=\"spacer.default\">\n\t\t\t\t\t\t\t<div class=\"elementor-spacer\">\n\t\t\t<div class=\"elementor-spacer-inner\"><\/div>\n\t\t<\/div>\n\t\t\t\t\t\t<\/div>\n\t\t\t\t\t<\/div>\n\t\t\t\t<\/div>\n\t\t<div class=\"elementor-element elementor-element-8622eb0 e-flex e-con-boxed e-con e-parent\" data-id=\"8622eb0\" data-element_type=\"container\" data-e-type=\"container\">\n\t\t\t\t\t<div class=\"e-con-inner\">\n\t\t\t\t<div class=\"elementor-element elementor-element-e945efe elementor-widget elementor-widget-heading\" data-id=\"e945efe\" data-element_type=\"widget\" data-e-type=\"widget\" data-widget_type=\"heading.default\">\n\t\t\t\t\t<h2 class=\"elementor-heading-title elementor-size-default\"><span data-elementor-setting-key=\"title\" data-pen-placeholder=\"\u00c9crivez ici...\" style=\"clear: both;line-height: 1.4;margin-bottom: 20px\">L'authenticit\u00e9 au coeur de l'exp\u00e9rience<\/span> <\/h2>\t\t\t\t<\/div>\n\t\t\t\t<div class=\"elementor-element elementor-element-1931445 elementor-widget elementor-widget-text-editor\" data-id=\"1931445\" data-element_type=\"widget\" data-e-type=\"widget\" data-widget_type=\"text-editor.default\">\n\t\t\t\t\t\t\t\t\t<p>Nous privil\u00e9gions les moments vrais :\u00a0<\/p>\t\t\t\t\t\t\t\t<\/div>\n\t\t\t\t\t<\/div>\n\t\t\t\t<\/div>\n\t\t<div class=\"elementor-element elementor-element-8cd0553 elementor-hidden-tablet elementor-hidden-mobile e-flex e-con-boxed e-con e-parent\" data-id=\"8cd0553\" data-element_type=\"container\" data-e-type=\"container\">\n\t\t\t\t\t<div class=\"e-con-inner\">\n\t\t<div class=\"elementor-element elementor-element-489ff47 e-con-full e-flex e-con e-child\" data-id=\"489ff47\" data-element_type=\"container\" data-e-type=\"container\">\n\t\t\t\t<div class=\"elementor-element elementor-element-0a1fe58 elementor-widget elementor-widget-image\" data-id=\"0a1fe58\" data-element_type=\"widget\" data-e-type=\"widget\" data-widget_type=\"image.default\">\n\t\t\t\t\t\t\t\t\t\t\t\t\t\t\t<img decoding=\"async\" width=\"348\" height=\"490\" src=\"https:\/\/www.iaenice.com\/m1com13\/wp-content\/uploads\/2025\/09\/Capture-decran-2025-09-26-a-10.49.59.png\" class=\"attachment-large size-large wp-image-203\" alt=\"\" srcset=\"https:\/\/www.iaenice.com\/m1com13\/wp-content\/uploads\/2025\/09\/Capture-decran-2025-09-26-a-10.49.59.png 348w, https:\/\/www.iaenice.com\/m1com13\/wp-content\/uploads\/2025\/09\/Capture-decran-2025-09-26-a-10.49.59-213x300.png 213w\" sizes=\"100vw\" \/>\t\t\t\t\t\t\t\t\t\t\t\t\t\t\t<\/div>\n\t\t\t\t<\/div>\n\t\t<div class=\"elementor-element elementor-element-76666be e-con-full e-flex e-con e-child\" data-id=\"76666be\" data-element_type=\"container\" data-e-type=\"container\">\n\t\t\t\t<div class=\"elementor-element elementor-element-12b6f47 e-transform elementor-widget elementor-widget-image\" data-id=\"12b6f47\" data-element_type=\"widget\" data-e-type=\"widget\" data-settings=\"{&quot;_transform_scale_effect&quot;:{&quot;unit&quot;:&quot;px&quot;,&quot;size&quot;:1,&quot;sizes&quot;:[]},&quot;_transform_scale_effect_tablet&quot;:{&quot;unit&quot;:&quot;px&quot;,&quot;size&quot;:&quot;&quot;,&quot;sizes&quot;:[]},&quot;_transform_scale_effect_mobile&quot;:{&quot;unit&quot;:&quot;px&quot;,&quot;size&quot;:&quot;&quot;,&quot;sizes&quot;:[]}}\" data-widget_type=\"image.default\">\n\t\t\t\t\t\t\t\t\t\t\t\t\t\t\t<img loading=\"lazy\" decoding=\"async\" width=\"350\" height=\"488\" src=\"https:\/\/www.iaenice.com\/m1com13\/wp-content\/uploads\/2025\/09\/Capture-decran-2025-09-26-a-10.49.46.png\" class=\"attachment-large size-large wp-image-204\" alt=\"\" srcset=\"https:\/\/www.iaenice.com\/m1com13\/wp-content\/uploads\/2025\/09\/Capture-decran-2025-09-26-a-10.49.46.png 350w, https:\/\/www.iaenice.com\/m1com13\/wp-content\/uploads\/2025\/09\/Capture-decran-2025-09-26-a-10.49.46-215x300.png 215w\" sizes=\"100vw\" \/>\t\t\t\t\t\t\t\t\t\t\t\t\t\t\t<\/div>\n\t\t\t\t<\/div>\n\t\t<div class=\"elementor-element elementor-element-e18efb9 e-con-full e-flex e-con e-child\" data-id=\"e18efb9\" data-element_type=\"container\" data-e-type=\"container\">\n\t\t\t\t<div class=\"elementor-element elementor-element-2a58d63 elementor-widget elementor-widget-image\" data-id=\"2a58d63\" data-element_type=\"widget\" data-e-type=\"widget\" data-widget_type=\"image.default\">\n\t\t\t\t\t\t\t\t\t\t\t\t\t\t\t<img loading=\"lazy\" decoding=\"async\" width=\"348\" height=\"488\" src=\"https:\/\/www.iaenice.com\/m1com13\/wp-content\/uploads\/2025\/09\/Capture-decran-2025-09-26-a-10.50.17.png\" class=\"attachment-large size-large wp-image-206\" alt=\"\" srcset=\"https:\/\/www.iaenice.com\/m1com13\/wp-content\/uploads\/2025\/09\/Capture-decran-2025-09-26-a-10.50.17.png 348w, https:\/\/www.iaenice.com\/m1com13\/wp-content\/uploads\/2025\/09\/Capture-decran-2025-09-26-a-10.50.17-214x300.png 214w\" sizes=\"100vw\" \/>\t\t\t\t\t\t\t\t\t\t\t\t\t\t\t<\/div>\n\t\t\t\t<\/div>\n\t\t<div class=\"elementor-element elementor-element-30aac99 e-con-full e-flex e-con e-child\" data-id=\"30aac99\" data-element_type=\"container\" data-e-type=\"container\">\n\t\t\t\t<div class=\"elementor-element elementor-element-0837472 elementor-widget elementor-widget-text-editor\" data-id=\"0837472\" data-element_type=\"widget\" data-e-type=\"widget\" data-widget_type=\"text-editor.default\">\n\t\t\t\t\t\t\t\t\t<p>Des <b>rencontres<\/b> <b>avec<\/b> <b>les<\/b> <b>habitants<\/b>,<\/p>\t\t\t\t\t\t\t\t<\/div>\n\t\t\t\t<\/div>\n\t\t<div class=\"elementor-element elementor-element-1c6280e e-con-full e-flex e-con e-child\" data-id=\"1c6280e\" data-element_type=\"container\" data-e-type=\"container\">\n\t\t\t\t<div class=\"elementor-element elementor-element-2f541af elementor-widget elementor-widget-text-editor\" data-id=\"2f541af\" data-element_type=\"widget\" data-e-type=\"widget\" data-widget_type=\"text-editor.default\">\n\t\t\t\t\t\t\t\t\t<p>des <b>d\u00e9couvertes<\/b> <b>culturelles<\/b>,<\/p>\t\t\t\t\t\t\t\t<\/div>\n\t\t\t\t<\/div>\n\t\t<div class=\"elementor-element elementor-element-a09a81e e-con-full e-flex e-con e-child\" data-id=\"a09a81e\" data-element_type=\"container\" data-e-type=\"container\">\n\t\t\t\t<div class=\"elementor-element elementor-element-a193959 elementor-widget elementor-widget-text-editor\" data-id=\"a193959\" data-element_type=\"widget\" data-e-type=\"widget\" data-widget_type=\"text-editor.default\">\n\t\t\t\t\t\t\t\t\t<p>des <b>exp\u00e9riences<\/b> <b>locales<\/b> qui donnent&nbsp;<\/p>\n<p>du sens au voyage !<\/p>\t\t\t\t\t\t\t\t<\/div>\n\t\t\t\t<\/div>\n\t\t\t\t\t<\/div>\n\t\t\t\t<\/div>\n\t\t<div class=\"elementor-element elementor-element-c5ef76b elementor-hidden-desktop e-flex e-con-boxed e-con e-parent\" data-id=\"c5ef76b\" data-element_type=\"container\" data-e-type=\"container\">\n\t\t\t\t\t<div class=\"e-con-inner\">\n\t\t\t\t<div class=\"elementor-element elementor-element-330e69f elementor-widget elementor-widget-image\" data-id=\"330e69f\" data-element_type=\"widget\" data-e-type=\"widget\" data-widget_type=\"image.default\">\n\t\t\t\t\t\t\t\t\t\t\t\t\t\t\t<img decoding=\"async\" width=\"348\" height=\"490\" src=\"https:\/\/www.iaenice.com\/m1com13\/wp-content\/uploads\/2025\/09\/Capture-decran-2025-09-26-a-10.49.59.png\" class=\"attachment-large size-large wp-image-203\" alt=\"\" srcset=\"https:\/\/www.iaenice.com\/m1com13\/wp-content\/uploads\/2025\/09\/Capture-decran-2025-09-26-a-10.49.59.png 348w, https:\/\/www.iaenice.com\/m1com13\/wp-content\/uploads\/2025\/09\/Capture-decran-2025-09-26-a-10.49.59-213x300.png 213w\" sizes=\"100vw\" \/>\t\t\t\t\t\t\t\t\t\t\t\t\t\t\t<\/div>\n\t\t\t\t<div class=\"elementor-element elementor-element-92d9547 elementor-widget elementor-widget-text-editor\" data-id=\"92d9547\" data-element_type=\"widget\" data-e-type=\"widget\" data-widget_type=\"text-editor.default\">\n\t\t\t\t\t\t\t\t\t<p>Des <b>rencontres<\/b> <b>avec<\/b> <b>les<\/b> <b>habitants<\/b>,<\/p>\t\t\t\t\t\t\t\t<\/div>\n\t\t\t\t<div class=\"elementor-element elementor-element-25e565d e-transform elementor-widget elementor-widget-image\" data-id=\"25e565d\" data-element_type=\"widget\" data-e-type=\"widget\" data-settings=\"{&quot;_transform_scale_effect&quot;:{&quot;unit&quot;:&quot;px&quot;,&quot;size&quot;:1,&quot;sizes&quot;:[]},&quot;_transform_scale_effect_tablet&quot;:{&quot;unit&quot;:&quot;px&quot;,&quot;size&quot;:&quot;&quot;,&quot;sizes&quot;:[]},&quot;_transform_scale_effect_mobile&quot;:{&quot;unit&quot;:&quot;px&quot;,&quot;size&quot;:&quot;&quot;,&quot;sizes&quot;:[]}}\" data-widget_type=\"image.default\">\n\t\t\t\t\t\t\t\t\t\t\t\t\t\t\t<img loading=\"lazy\" decoding=\"async\" width=\"350\" height=\"488\" src=\"https:\/\/www.iaenice.com\/m1com13\/wp-content\/uploads\/2025\/09\/Capture-decran-2025-09-26-a-10.49.46.png\" class=\"attachment-large size-large wp-image-204\" alt=\"\" srcset=\"https:\/\/www.iaenice.com\/m1com13\/wp-content\/uploads\/2025\/09\/Capture-decran-2025-09-26-a-10.49.46.png 350w, https:\/\/www.iaenice.com\/m1com13\/wp-content\/uploads\/2025\/09\/Capture-decran-2025-09-26-a-10.49.46-215x300.png 215w\" sizes=\"100vw\" \/>\t\t\t\t\t\t\t\t\t\t\t\t\t\t\t<\/div>\n\t\t\t\t<div class=\"elementor-element elementor-element-f8992bd elementor-widget elementor-widget-text-editor\" data-id=\"f8992bd\" data-element_type=\"widget\" data-e-type=\"widget\" data-widget_type=\"text-editor.default\">\n\t\t\t\t\t\t\t\t\t<p>des <b>d\u00e9couvertes<\/b> <b>culturelles<\/b>,<\/p>\t\t\t\t\t\t\t\t<\/div>\n\t\t\t\t<div class=\"elementor-element elementor-element-7244121 elementor-widget elementor-widget-image\" data-id=\"7244121\" data-element_type=\"widget\" data-e-type=\"widget\" data-widget_type=\"image.default\">\n\t\t\t\t\t\t\t\t\t\t\t\t\t\t\t<img loading=\"lazy\" decoding=\"async\" width=\"348\" height=\"488\" src=\"https:\/\/www.iaenice.com\/m1com13\/wp-content\/uploads\/2025\/09\/Capture-decran-2025-09-26-a-10.50.17.png\" class=\"attachment-large size-large wp-image-206\" alt=\"\" srcset=\"https:\/\/www.iaenice.com\/m1com13\/wp-content\/uploads\/2025\/09\/Capture-decran-2025-09-26-a-10.50.17.png 348w, https:\/\/www.iaenice.com\/m1com13\/wp-content\/uploads\/2025\/09\/Capture-decran-2025-09-26-a-10.50.17-214x300.png 214w\" sizes=\"100vw\" \/>\t\t\t\t\t\t\t\t\t\t\t\t\t\t\t<\/div>\n\t\t\t\t<div class=\"elementor-element elementor-element-06f29a4 elementor-widget elementor-widget-text-editor\" data-id=\"06f29a4\" data-element_type=\"widget\" data-e-type=\"widget\" data-widget_type=\"text-editor.default\">\n\t\t\t\t\t\t\t\t\t<p>des <b>exp\u00e9riences<\/b> <b>locales<\/b> qui donnent\u00a0<\/p><p>du sens au voyage !<\/p>\t\t\t\t\t\t\t\t<\/div>\n\t\t\t\t\t<\/div>\n\t\t\t\t<\/div>\n\t\t<div class=\"elementor-element elementor-element-707772a e-flex e-con-boxed e-con e-parent\" data-id=\"707772a\" data-element_type=\"container\" data-e-type=\"container\">\n\t\t\t\t\t<div class=\"e-con-inner\">\n\t\t\t\t<div class=\"elementor-element elementor-element-2dd918f elementor-widget elementor-widget-spacer\" data-id=\"2dd918f\" data-element_type=\"widget\" data-e-type=\"widget\" data-widget_type=\"spacer.default\">\n\t\t\t\t\t\t\t<div class=\"elementor-spacer\">\n\t\t\t<div class=\"elementor-spacer-inner\"><\/div>\n\t\t<\/div>\n\t\t\t\t\t\t<\/div>\n\t\t\t\t\t<\/div>\n\t\t\t\t<\/div>\n\t\t<div class=\"elementor-element elementor-element-3dd8cbb e-flex e-con-boxed e-con e-parent\" data-id=\"3dd8cbb\" data-element_type=\"container\" data-e-type=\"container\">\n\t\t\t\t\t<div class=\"e-con-inner\">\n\t\t<div class=\"elementor-element elementor-element-f6df9ea e-con-full e-flex e-con e-child\" data-id=\"f6df9ea\" data-element_type=\"container\" data-e-type=\"container\">\n\t\t\t\t<div class=\"elementor-element elementor-element-8542f30 elementor-widget elementor-widget-heading\" data-id=\"8542f30\" data-element_type=\"widget\" data-e-type=\"widget\" data-widget_type=\"heading.default\">\n\t\t\t\t\t<h2 class=\"elementor-heading-title elementor-size-default\">Voyager responsable <\/h2>\t\t\t\t<\/div>\n\t\t\t\t<div class=\"elementor-element elementor-element-dd61ef9 elementor-widget elementor-widget-text-editor\" data-id=\"dd61ef9\" data-element_type=\"widget\" data-e-type=\"widget\" data-widget_type=\"text-editor.default\">\n\t\t\t\t\t\t\t\t\t<p>Nous refusons le tourisme de masse. \u00c0 la place, nous favorisons :\u00a0<\/p><p>\u00a0<\/p><p><img decoding=\"async\" class=\"emoji\" role=\"img\" draggable=\"false\" src=\"https:\/\/s.w.org\/images\/core\/emoji\/16.0.1\/svg\/26fa.svg\" alt=\"\u26fa\ufe0f\" \/>\u00a0 \u00a0des <b>h\u00e9bergements<\/b> et <b>partenaires<\/b> <b>engag\u00e9s<\/b>\u00a0<\/p><p>\u00a0<\/p><p><img decoding=\"async\" class=\"emoji\" role=\"img\" draggable=\"false\" src=\"https:\/\/s.w.org\/images\/core\/emoji\/16.0.1\/svg\/1f331.svg\" alt=\"\ud83c\udf31\" \/> \u00a0des <b>activit\u00e9s<\/b> <b>respectueuses<\/b> de <b>l&rsquo;environnement<\/b> et des <b>communaut\u00e9s<\/b>\u00a0<\/p><p>\u00a0<\/p><p><img decoding=\"async\" class=\"emoji\" role=\"img\" draggable=\"false\" src=\"https:\/\/s.w.org\/images\/core\/emoji\/16.0.1\/svg\/2728.svg\" alt=\"\u2728\" \/>\u00a0 des s\u00e9jours pens\u00e9s pour <b>limiter<\/b> <b>l&#8217;empreinte<\/b> <b>\u00e9cologique<\/b>\u00a0<\/p>\t\t\t\t\t\t\t\t<\/div>\n\t\t\t\t<div class=\"elementor-element elementor-element-7c31cd4 elementor-widget elementor-widget-spacer\" data-id=\"7c31cd4\" data-element_type=\"widget\" data-e-type=\"widget\" data-widget_type=\"spacer.default\">\n\t\t\t\t\t\t\t<div class=\"elementor-spacer\">\n\t\t\t<div class=\"elementor-spacer-inner\"><\/div>\n\t\t<\/div>\n\t\t\t\t\t\t<\/div>\n\t\t\t\t<\/div>\n\t\t<div class=\"elementor-element elementor-element-985e06e e-con-full e-flex e-con e-child\" data-id=\"985e06e\" data-element_type=\"container\" data-e-type=\"container\" data-settings=\"{&quot;background_background&quot;:&quot;classic&quot;}\">\n\t\t\t\t<div class=\"elementor-element elementor-element-08d7040 elementor-widget elementor-widget-spacer\" data-id=\"08d7040\" data-element_type=\"widget\" data-e-type=\"widget\" data-widget_type=\"spacer.default\">\n\t\t\t\t\t\t\t<div class=\"elementor-spacer\">\n\t\t\t<div class=\"elementor-spacer-inner\"><\/div>\n\t\t<\/div>\n\t\t\t\t\t\t<\/div>\n\t\t\t\t<div class=\"elementor-element elementor-element-7144325 elementor-widget elementor-widget-text-editor\" data-id=\"7144325\" data-element_type=\"widget\" data-e-type=\"widget\" data-widget_type=\"text-editor.default\">\n\t\t\t\t\t\t\t\t\t<p><b>BON<\/b> <b>\u00c0<\/b> <b>SAVOIR<\/b> <b>!<\/b><\/p><p>Le tourisme de masse repr\u00e9sente pr\u00e8s de <b>8<\/b> <b>%<\/b> <b>des<\/b> <b>\u00e9missions<\/b> <b>mondiales<\/b> <b>de gaz \u00e0 effet de serre<\/b>. Voyager autrement, c\u2019est d\u00e9j\u00e0 r\u00e9duire son empreinte et prot\u00e9ger les destinations que l\u2019on aime.<\/p>\t\t\t\t\t\t\t\t<\/div>\n\t\t\t\t<\/div>\n\t\t\t\t\t<\/div>\n\t\t\t\t<\/div>\n\t\t<div class=\"elementor-element elementor-element-7bd8646 e-flex e-con-boxed e-con e-parent\" data-id=\"7bd8646\" data-element_type=\"container\" data-e-type=\"container\">\n\t\t\t\t\t<div class=\"e-con-inner\">\n\t\t\t\t<div class=\"elementor-element elementor-element-0e3b174 elementor-widget elementor-widget-spacer\" data-id=\"0e3b174\" data-element_type=\"widget\" data-e-type=\"widget\" data-widget_type=\"spacer.default\">\n\t\t\t\t\t\t\t<div class=\"elementor-spacer\">\n\t\t\t<div class=\"elementor-spacer-inner\"><\/div>\n\t\t<\/div>\n\t\t\t\t\t\t<\/div>\n\t\t\t\t\t<\/div>\n\t\t\t\t<\/div>\n\t\t\t\t<\/div>\n\t\t","protected":false},"excerpt":{"rendered":"<p>Voyager, c&rsquo;est plus que partir Chez nous, chaque voyage se construit avec vous, et pour vous. Nous croyons que les plus belles aventures naissent de l&rsquo;\u00e9quilibre entre vos envies profondes et notre expertise du terrain.\u00a0 Des voyages co-construits Votre voyage n&rsquo;existe pas encore : il se cr\u00e9e pas \u00e0 pas, en fonction de vos r\u00eaves, &hellip; <\/p>\n<p class=\"link-more\"><a href=\"https:\/\/www.iaenice.com\/m1com13\/nos-engagements\/\" class=\"more-link\">Lire la suite de<span class=\"screen-reader-text\">\u00ab\u00a0Nos engagements\u00a0\u00bb<\/span><\/a><\/p>\n","protected":false},"author":1,"featured_media":138,"parent":0,"menu_order":0,"comment_status":"closed","ping_status":"closed","template":"","meta":{"footnotes":""},"class_list":["post-42","page","type-page","status-publish","has-post-thumbnail","hentry"],"_links":{"self":[{"href":"https:\/\/www.iaenice.com\/m1com13\/wp-json\/wp\/v2\/pages\/42","targetHints":{"allow":["GET"]}}],"collection":[{"href":"https:\/\/www.iaenice.com\/m1com13\/wp-json\/wp\/v2\/pages"}],"about":[{"href":"https:\/\/www.iaenice.com\/m1com13\/wp-json\/wp\/v2\/types\/page"}],"author":[{"embeddable":true,"href":"https:\/\/www.iaenice.com\/m1com13\/wp-json\/wp\/v2\/users\/1"}],"replies":[{"embeddable":true,"href":"https:\/\/www.iaenice.com\/m1com13\/wp-json\/wp\/v2\/comments?post=42"}],"version-history":[{"count":16,"href":"https:\/\/www.iaenice.com\/m1com13\/wp-json\/wp\/v2\/pages\/42\/revisions"}],"predecessor-version":[{"id":951,"href":"https:\/\/www.iaenice.com\/m1com13\/wp-json\/wp\/v2\/pages\/42\/revisions\/951"}],"wp:featuredmedia":[{"embeddable":true,"href":"https:\/\/www.iaenice.com\/m1com13\/wp-json\/wp\/v2\/media\/138"}],"wp:attachment":[{"href":"https:\/\/www.iaenice.com\/m1com13\/wp-json\/wp\/v2\/media?parent=42"}],"curies":[{"name":"wp","href":"https:\/\/api.w.org\/{rel}","templated":true}]}}