{"id":34,"date":"2025-09-19T09:54:15","date_gmt":"2025-09-19T09:54:15","guid":{"rendered":"https:\/\/www.iaenice.com\/m1com13\/?page_id=34"},"modified":"2025-10-13T10:17:16","modified_gmt":"2025-10-13T10:17:16","slug":"voyage-senior","status":"publish","type":"page","link":"https:\/\/www.iaenice.com\/m1com13\/voyage-senior\/","title":{"rendered":"Voyage senior"},"content":{"rendered":"\t\t<div data-elementor-type=\"wp-page\" data-elementor-id=\"34\" class=\"elementor elementor-34\">\n\t\t\t\t<div class=\"elementor-element elementor-element-df007e9 e-flex e-con-boxed e-con e-parent\" data-id=\"df007e9\" data-element_type=\"container\" data-e-type=\"container\">\n\t\t\t\t\t<div class=\"e-con-inner\">\n\t\t\t\t<div class=\"elementor-element elementor-element-db96161 elementor-widget elementor-widget-heading\" data-id=\"db96161\" data-element_type=\"widget\" data-e-type=\"widget\" data-widget_type=\"heading.default\">\n\t\t\t\t\t<h2 class=\"elementor-heading-title elementor-size-default\">D\u00e9couvrez le monde autrement<\/h2>\t\t\t\t<\/div>\n\t\t\t\t\t<\/div>\n\t\t\t\t<\/div>\n\t\t<div class=\"elementor-element elementor-element-e7a4e2e e-flex e-con-boxed e-con e-parent\" data-id=\"e7a4e2e\" data-element_type=\"container\" data-e-type=\"container\">\n\t\t\t\t\t<div class=\"e-con-inner\">\n\t\t\t\t<div class=\"elementor-element elementor-element-5e146c6 elementor-widget elementor-widget-text-editor\" data-id=\"5e146c6\" data-element_type=\"widget\" data-e-type=\"widget\" data-widget_type=\"text-editor.default\">\n\t\t\t\t\t\t\t\t\t<p><strong>Voyager, c\u2019est continuer \u00e0 s\u2019\u00e9merveiller.<\/strong><\/p>\t\t\t\t\t\t\t\t<\/div>\n\t\t\t\t\t<\/div>\n\t\t\t\t<\/div>\n\t\t<div class=\"elementor-element elementor-element-111bb9b e-flex e-con-boxed e-con e-parent\" data-id=\"111bb9b\" data-element_type=\"container\" data-e-type=\"container\">\n\t\t\t\t\t<div class=\"e-con-inner\">\n\t\t\t\t<div class=\"elementor-element elementor-element-fb06704 elementor-widget elementor-widget-text-editor\" data-id=\"fb06704\" data-element_type=\"widget\" data-e-type=\"widget\" data-widget_type=\"text-editor.default\">\n\t\t\t\t\t\t\t\t\t<p><span style=\"font-weight: 400;\">C\u2019est garder cette envie <\/span><b>d\u2019apprendre<\/b><span style=\"font-weight: 400;\">, de <\/span><b>rencontrer<\/b><span style=\"font-weight: 400;\">, de <\/span><b>ressentir<\/b><span style=\"font-weight: 400;\">. <\/span><span style=\"font-weight: 400;\">Chez Green Way, nous pensons que l\u2019aventure ne s\u2019arr\u00eate jamais : elle se vit simplement autrement, avec plus de confort, plus de sens, et toujours autant de plaisir.<\/span><\/p><p><span style=\"font-weight: 400;\">Nos voyages pour <\/span><b>seniors<\/b><span style=\"font-weight: 400;\"> sont pens\u00e9s pour celles et ceux qui souhaitent explorer le monde \u00e0 leur rythme, dans une ambiance conviviale, s\u00e9curis\u00e9e et enrichissante.<\/span><\/p>\t\t\t\t\t\t\t\t<\/div>\n\t\t\t\t\t<\/div>\n\t\t\t\t<\/div>\n\t\t<div class=\"elementor-element elementor-element-656ec54 e-flex e-con-boxed e-con e-parent\" data-id=\"656ec54\" data-element_type=\"container\" data-e-type=\"container\">\n\t\t\t\t\t<div class=\"e-con-inner\">\n\t\t\t\t<div class=\"elementor-element elementor-element-a05605f elementor-widget elementor-widget-spacer\" data-id=\"a05605f\" data-element_type=\"widget\" data-e-type=\"widget\" data-widget_type=\"spacer.default\">\n\t\t\t\t\t\t\t<div class=\"elementor-spacer\">\n\t\t\t<div class=\"elementor-spacer-inner\"><\/div>\n\t\t<\/div>\n\t\t\t\t\t\t<\/div>\n\t\t\t\t\t<\/div>\n\t\t\t\t<\/div>\n\t\t<div class=\"elementor-element elementor-element-72344b3 e-flex e-con-boxed e-con e-parent\" data-id=\"72344b3\" data-element_type=\"container\" data-e-type=\"container\">\n\t\t\t\t\t<div class=\"e-con-inner\">\n\t\t\t\t<div class=\"elementor-element elementor-element-ce0ee57 elementor-widget elementor-widget-heading\" data-id=\"ce0ee57\" data-element_type=\"widget\" data-e-type=\"widget\" data-widget_type=\"heading.default\">\n\t\t\t\t\t<h2 class=\"elementor-heading-title elementor-size-default\">Pourquoi choisir un voyage seniors avec nous ?<\/h2>\t\t\t\t<\/div>\n\t\t\t\t\t<\/div>\n\t\t\t\t<\/div>\n\t\t<div class=\"elementor-element elementor-element-c8cfe26 e-flex e-con-boxed e-con e-parent\" data-id=\"c8cfe26\" data-element_type=\"container\" data-e-type=\"container\">\n\t\t\t\t\t<div class=\"e-con-inner\">\n\t\t<div class=\"elementor-element elementor-element-21bb226 e-con-full e-flex e-con e-child\" data-id=\"21bb226\" data-element_type=\"container\" data-e-type=\"container\">\n\t\t\t\t<div class=\"elementor-element elementor-element-bd1df23 elementor-widget elementor-widget-image\" data-id=\"bd1df23\" data-element_type=\"widget\" data-e-type=\"widget\" data-widget_type=\"image.default\">\n\t\t\t\t\t\t\t\t\t\t\t\t\t\t\t<img fetchpriority=\"high\" decoding=\"async\" width=\"950\" height=\"950\" src=\"https:\/\/www.iaenice.com\/m1com13\/wp-content\/uploads\/2025\/10\/20-1024x1024.jpg\" class=\"attachment-large size-large wp-image-687\" alt=\"\" srcset=\"https:\/\/www.iaenice.com\/m1com13\/wp-content\/uploads\/2025\/10\/20-1024x1024.jpg 1024w, https:\/\/www.iaenice.com\/m1com13\/wp-content\/uploads\/2025\/10\/20-300x300.jpg 300w, https:\/\/www.iaenice.com\/m1com13\/wp-content\/uploads\/2025\/10\/20-150x150.jpg 150w, https:\/\/www.iaenice.com\/m1com13\/wp-content\/uploads\/2025\/10\/20-1536x1536.jpg 1536w, https:\/\/www.iaenice.com\/m1com13\/wp-content\/uploads\/2025\/10\/20-600x600.jpg 600w, https:\/\/www.iaenice.com\/m1com13\/wp-content\/uploads\/2025\/10\/20-1200x1200.jpg 1200w, https:\/\/www.iaenice.com\/m1com13\/wp-content\/uploads\/2025\/10\/20-800x800.jpg 800w, https:\/\/www.iaenice.com\/m1com13\/wp-content\/uploads\/2025\/10\/20.jpg 1654w\" sizes=\"100vw\" \/>\t\t\t\t\t\t\t\t\t\t\t\t\t\t\t<\/div>\n\t\t\t\t<\/div>\n\t\t<div class=\"elementor-element elementor-element-e8b942e e-con-full e-flex e-con e-child\" data-id=\"e8b942e\" data-element_type=\"container\" data-e-type=\"container\">\n\t\t\t\t<div class=\"elementor-element elementor-element-62c4824 elementor-widget elementor-widget-text-editor\" data-id=\"62c4824\" data-element_type=\"widget\" data-e-type=\"widget\" data-widget_type=\"text-editor.default\">\n\t\t\t\t\t\t\t\t\t<p><span style=\"font-weight: 400;\">Des exp\u00e9riences riches de sens<\/span><\/p>\t\t\t\t\t\t\t\t<\/div>\n\t\t\t\t<div class=\"elementor-element elementor-element-f937f23 elementor-widget elementor-widget-text-editor\" data-id=\"f937f23\" data-element_type=\"widget\" data-e-type=\"widget\" data-widget_type=\"text-editor.default\">\n\t\t\t\t\t\t\t\t\t<p><span style=\"font-weight: 400;\">Parce qu\u2019\u00e0 ce moment de la vie, on cherche moins \u00e0 \u201cfaire\u201d qu\u2019\u00e0 vivre pleinement, nous s\u00e9lectionnons des <strong>exp\u00e9riences authentiques<\/strong> : <\/span><em><span style=\"font-weight: 400;\">rencontres avec les habitants, visites culturelles comment\u00e9es, moments partag\u00e9s autour d\u2019un repas ou d\u2019une tradition locale\u2026<\/span><\/em><span style=\"font-weight: 400;\"><br \/><\/span><\/p><p><strong>Chaque voyage est une rencontre humaine et culturelle, loin du tourisme de masse.<\/strong><\/p>\t\t\t\t\t\t\t\t<\/div>\n\t\t\t\t<\/div>\n\t\t\t\t\t<\/div>\n\t\t\t\t<\/div>\n\t\t<div class=\"elementor-element elementor-element-565b6ac e-flex e-con-boxed e-con e-parent\" data-id=\"565b6ac\" data-element_type=\"container\" data-e-type=\"container\">\n\t\t\t\t\t<div class=\"e-con-inner\">\n\t\t<div class=\"elementor-element elementor-element-328eb70 e-con-full e-flex e-con e-child\" data-id=\"328eb70\" data-element_type=\"container\" data-e-type=\"container\">\n\t\t\t\t<div class=\"elementor-element elementor-element-5efacda elementor-widget elementor-widget-text-editor\" data-id=\"5efacda\" data-element_type=\"widget\" data-e-type=\"widget\" data-widget_type=\"text-editor.default\">\n\t\t\t\t\t\t\t\t\t<p><strong>Des itin\u00e9raires adapt\u00e9s \u00e0 votre rythme<\/strong><\/p>\t\t\t\t\t\t\t\t<\/div>\n\t\t\t\t<div class=\"elementor-element elementor-element-b3fa9b4 elementor-widget elementor-widget-text-editor\" data-id=\"b3fa9b4\" data-element_type=\"widget\" data-e-type=\"widget\" data-widget_type=\"text-editor.default\">\n\t\t\t\t\t\t\t\t\t<p><span style=\"font-weight: 400;\"><em>Marches douces, journ\u00e9es \u00e9quilibr\u00e9es, h\u00e9bergements confortables, pauses r\u00e9guli\u00e8res :<\/em> nos circuits sont con\u00e7us pour que vous <strong>profitiez sans pr\u00e9cipitation<\/strong> ni fatigue.<\/span><\/p><p><span style=\"font-weight: 400;\"><br \/><\/span><span style=\"font-weight: 400;\">Chaque programme allie <strong>d\u00e9couverte<\/strong> et <strong>d\u00e9tente<\/strong>, avec la possibilit\u00e9 d\u2019ajuster les activit\u00e9s selon <strong>vos envies<\/strong>.<\/span><\/p>\t\t\t\t\t\t\t\t<\/div>\n\t\t\t\t<\/div>\n\t\t<div class=\"elementor-element elementor-element-c17141d e-con-full e-flex e-con e-child\" data-id=\"c17141d\" data-element_type=\"container\" data-e-type=\"container\">\n\t\t\t\t<div class=\"elementor-element elementor-element-fbd0b84 elementor-widget__width-initial elementor-widget elementor-widget-image\" data-id=\"fbd0b84\" data-element_type=\"widget\" data-e-type=\"widget\" data-widget_type=\"image.default\">\n\t\t\t\t\t\t\t\t\t\t\t\t\t\t\t<img decoding=\"async\" width=\"950\" height=\"950\" src=\"https:\/\/www.iaenice.com\/m1com13\/wp-content\/uploads\/2025\/10\/17-1024x1024.jpg\" class=\"attachment-large size-large wp-image-684\" alt=\"\" srcset=\"https:\/\/www.iaenice.com\/m1com13\/wp-content\/uploads\/2025\/10\/17-1024x1024.jpg 1024w, https:\/\/www.iaenice.com\/m1com13\/wp-content\/uploads\/2025\/10\/17-300x300.jpg 300w, https:\/\/www.iaenice.com\/m1com13\/wp-content\/uploads\/2025\/10\/17-150x150.jpg 150w, https:\/\/www.iaenice.com\/m1com13\/wp-content\/uploads\/2025\/10\/17-1536x1536.jpg 1536w, https:\/\/www.iaenice.com\/m1com13\/wp-content\/uploads\/2025\/10\/17-600x600.jpg 600w, https:\/\/www.iaenice.com\/m1com13\/wp-content\/uploads\/2025\/10\/17-1200x1200.jpg 1200w, https:\/\/www.iaenice.com\/m1com13\/wp-content\/uploads\/2025\/10\/17-800x800.jpg 800w, https:\/\/www.iaenice.com\/m1com13\/wp-content\/uploads\/2025\/10\/17.jpg 1654w\" sizes=\"100vw\" \/>\t\t\t\t\t\t\t\t\t\t\t\t\t\t\t<\/div>\n\t\t\t\t<\/div>\n\t\t\t\t\t<\/div>\n\t\t\t\t<\/div>\n\t\t<div class=\"elementor-element elementor-element-131fff6 e-flex e-con-boxed e-con e-parent\" data-id=\"131fff6\" data-element_type=\"container\" data-e-type=\"container\">\n\t\t\t\t\t<div class=\"e-con-inner\">\n\t\t<div class=\"elementor-element elementor-element-ef16810 e-con-full e-flex e-con e-child\" data-id=\"ef16810\" data-element_type=\"container\" data-e-type=\"container\">\n\t\t\t\t<div class=\"elementor-element elementor-element-aad8b68 elementor-widget elementor-widget-image\" data-id=\"aad8b68\" data-element_type=\"widget\" data-e-type=\"widget\" data-widget_type=\"image.default\">\n\t\t\t\t\t\t\t\t\t\t\t\t\t\t\t<img decoding=\"async\" width=\"950\" height=\"950\" src=\"https:\/\/www.iaenice.com\/m1com13\/wp-content\/uploads\/2025\/10\/19-1024x1024.jpg\" class=\"attachment-large size-large wp-image-686\" alt=\"\" srcset=\"https:\/\/www.iaenice.com\/m1com13\/wp-content\/uploads\/2025\/10\/19-1024x1024.jpg 1024w, https:\/\/www.iaenice.com\/m1com13\/wp-content\/uploads\/2025\/10\/19-300x300.jpg 300w, https:\/\/www.iaenice.com\/m1com13\/wp-content\/uploads\/2025\/10\/19-150x150.jpg 150w, https:\/\/www.iaenice.com\/m1com13\/wp-content\/uploads\/2025\/10\/19-1536x1536.jpg 1536w, https:\/\/www.iaenice.com\/m1com13\/wp-content\/uploads\/2025\/10\/19-600x600.jpg 600w, https:\/\/www.iaenice.com\/m1com13\/wp-content\/uploads\/2025\/10\/19-1200x1200.jpg 1200w, https:\/\/www.iaenice.com\/m1com13\/wp-content\/uploads\/2025\/10\/19-800x800.jpg 800w, https:\/\/www.iaenice.com\/m1com13\/wp-content\/uploads\/2025\/10\/19.jpg 1654w\" sizes=\"100vw\" \/>\t\t\t\t\t\t\t\t\t\t\t\t\t\t\t<\/div>\n\t\t\t\t<\/div>\n\t\t<div class=\"elementor-element elementor-element-baf2ca0 e-con-full e-flex e-con e-child\" data-id=\"baf2ca0\" data-element_type=\"container\" data-e-type=\"container\">\n\t\t\t\t<div class=\"elementor-element elementor-element-cfd4009 elementor-widget elementor-widget-text-editor\" data-id=\"cfd4009\" data-element_type=\"widget\" data-e-type=\"widget\" data-widget_type=\"text-editor.default\">\n\t\t\t\t\t\t\t\t\t<p><strong>Un accompagnement attentionn\u00e9<\/strong><\/p>\t\t\t\t\t\t\t\t<\/div>\n\t\t\t\t<div class=\"elementor-element elementor-element-175ff0b elementor-widget elementor-widget-text-editor\" data-id=\"175ff0b\" data-element_type=\"widget\" data-e-type=\"widget\" data-widget_type=\"text-editor.default\">\n\t\t\t\t\t\t\t\t\t<p><span style=\"font-weight: 400;\"><strong>Avant<\/strong>, <strong>pendant<\/strong> et <strong>apr\u00e8s<\/strong> votre voyage, notre \u00e9quipe veille \u00e0 chaque d\u00e9tail : <em>formalit\u00e9s, transferts, assistance, conseils sant\u00e9 et s\u00e9curit\u00e9.<\/em><\/span><\/p><p><span style=\"font-weight: 400;\"><br \/><\/span><span style=\"font-weight: 400;\">Sur place, vous \u00eates accompagn\u00e9\u00b7e par un <strong>guide francophone<\/strong> attentif et passionn\u00e9, qui conna\u00eet la destination et s\u2019adapte \u00e0 votre rythme.<\/span><\/p><p><span style=\"font-weight: 400;\"><br \/><\/span><strong>Voyager sereinement, c\u2019est voyager librement.<\/strong><\/p>\t\t\t\t\t\t\t\t<\/div>\n\t\t\t\t<\/div>\n\t\t\t\t\t<\/div>\n\t\t\t\t<\/div>\n\t\t<div class=\"elementor-element elementor-element-de361c0 e-flex e-con-boxed e-con e-parent\" data-id=\"de361c0\" data-element_type=\"container\" data-e-type=\"container\">\n\t\t\t\t\t<div class=\"e-con-inner\">\n\t\t<div class=\"elementor-element elementor-element-537fabe e-con-full e-flex e-con e-child\" data-id=\"537fabe\" data-element_type=\"container\" data-e-type=\"container\">\n\t\t\t\t<div class=\"elementor-element elementor-element-7c66102 elementor-widget elementor-widget-text-editor\" data-id=\"7c66102\" data-element_type=\"widget\" data-e-type=\"widget\" data-widget_type=\"text-editor.default\">\n\t\t\t\t\t\t\t\t\t<p><strong>Un engagement responsable<\/strong><\/p>\t\t\t\t\t\t\t\t<\/div>\n\t\t\t\t<div class=\"elementor-element elementor-element-d1de9ae elementor-widget elementor-widget-text-editor\" data-id=\"d1de9ae\" data-element_type=\"widget\" data-e-type=\"widget\" data-widget_type=\"text-editor.default\">\n\t\t\t\t\t\t\t\t\t<p><span style=\"font-weight: 400;\"><strong>Nos partenaires locaux partagent nos valeurs<\/strong> : <em>respect des cultures, des traditions et de la nature.<\/em> Nous privil\u00e9gions des h\u00e9bergements \u00e0 taille humaine et des exp\u00e9riences qui soutiennent les communaut\u00e9s locales.<\/span><\/p><p><span style=\"font-weight: 400;\"><br \/><\/span><span style=\"font-weight: 400;\">Parce qu\u2019un <strong>beau voyage, c\u2019est aussi un voyage utile<\/strong> et <strong>respectueux<\/strong>.<\/span><\/p>\t\t\t\t\t\t\t\t<\/div>\n\t\t\t\t<\/div>\n\t\t<div class=\"elementor-element elementor-element-aedaeab e-con-full e-flex e-con e-child\" data-id=\"aedaeab\" data-element_type=\"container\" data-e-type=\"container\">\n\t\t\t\t<div class=\"elementor-element elementor-element-95db1d0 elementor-widget__width-initial elementor-widget elementor-widget-image\" data-id=\"95db1d0\" data-element_type=\"widget\" data-e-type=\"widget\" data-widget_type=\"image.default\">\n\t\t\t\t\t\t\t\t\t\t\t\t\t\t\t<img loading=\"lazy\" decoding=\"async\" width=\"950\" height=\"950\" src=\"https:\/\/www.iaenice.com\/m1com13\/wp-content\/uploads\/2025\/10\/18-1024x1024.jpg\" class=\"attachment-large size-large wp-image-685\" alt=\"\" srcset=\"https:\/\/www.iaenice.com\/m1com13\/wp-content\/uploads\/2025\/10\/18-1024x1024.jpg 1024w, https:\/\/www.iaenice.com\/m1com13\/wp-content\/uploads\/2025\/10\/18-300x300.jpg 300w, https:\/\/www.iaenice.com\/m1com13\/wp-content\/uploads\/2025\/10\/18-150x150.jpg 150w, https:\/\/www.iaenice.com\/m1com13\/wp-content\/uploads\/2025\/10\/18-1536x1536.jpg 1536w, https:\/\/www.iaenice.com\/m1com13\/wp-content\/uploads\/2025\/10\/18-600x600.jpg 600w, https:\/\/www.iaenice.com\/m1com13\/wp-content\/uploads\/2025\/10\/18-1200x1200.jpg 1200w, https:\/\/www.iaenice.com\/m1com13\/wp-content\/uploads\/2025\/10\/18-800x800.jpg 800w, https:\/\/www.iaenice.com\/m1com13\/wp-content\/uploads\/2025\/10\/18.jpg 1654w\" sizes=\"100vw\" \/>\t\t\t\t\t\t\t\t\t\t\t\t\t\t\t<\/div>\n\t\t\t\t<\/div>\n\t\t\t\t\t<\/div>\n\t\t\t\t<\/div>\n\t\t<div class=\"elementor-element elementor-element-f8cf4e8 e-flex e-con-boxed e-con e-parent\" data-id=\"f8cf4e8\" data-element_type=\"container\" data-e-type=\"container\">\n\t\t\t\t\t<div class=\"e-con-inner\">\n\t\t\t\t<div class=\"elementor-element elementor-element-a9dc8a6 elementor-widget elementor-widget-spacer\" data-id=\"a9dc8a6\" data-element_type=\"widget\" data-e-type=\"widget\" data-widget_type=\"spacer.default\">\n\t\t\t\t\t\t\t<div class=\"elementor-spacer\">\n\t\t\t<div class=\"elementor-spacer-inner\"><\/div>\n\t\t<\/div>\n\t\t\t\t\t\t<\/div>\n\t\t\t\t\t<\/div>\n\t\t\t\t<\/div>\n\t\t<div class=\"elementor-element elementor-element-79b991e e-flex e-con-boxed e-con e-parent\" data-id=\"79b991e\" data-element_type=\"container\" data-e-type=\"container\">\n\t\t\t\t\t<div class=\"e-con-inner\">\n\t\t\t\t<div class=\"elementor-element elementor-element-7e90e0d elementor-widget elementor-widget-image\" data-id=\"7e90e0d\" data-element_type=\"widget\" data-e-type=\"widget\" data-widget_type=\"image.default\">\n\t\t\t\t\t\t\t\t\t\t\t\t\t\t\t<img loading=\"lazy\" decoding=\"async\" width=\"950\" height=\"378\" src=\"https:\/\/www.iaenice.com\/m1com13\/wp-content\/uploads\/2025\/10\/Capture-decran-2025-10-08-a-14.43.36-1024x407.png\" class=\"attachment-large size-large wp-image-707\" alt=\"\" srcset=\"https:\/\/www.iaenice.com\/m1com13\/wp-content\/uploads\/2025\/10\/Capture-decran-2025-10-08-a-14.43.36-1024x407.png 1024w, https:\/\/www.iaenice.com\/m1com13\/wp-content\/uploads\/2025\/10\/Capture-decran-2025-10-08-a-14.43.36-300x119.png 300w, https:\/\/www.iaenice.com\/m1com13\/wp-content\/uploads\/2025\/10\/Capture-decran-2025-10-08-a-14.43.36-2000x795.png 2000w, https:\/\/www.iaenice.com\/m1com13\/wp-content\/uploads\/2025\/10\/Capture-decran-2025-10-08-a-14.43.36-scaled-1536x611.png 1536w, https:\/\/www.iaenice.com\/m1com13\/wp-content\/uploads\/2025\/10\/Capture-decran-2025-10-08-a-14.43.36-scaled-2048x814.png 2048w, https:\/\/www.iaenice.com\/m1com13\/wp-content\/uploads\/2025\/10\/Capture-decran-2025-10-08-a-14.43.36-scaled-600x239.png 600w, https:\/\/www.iaenice.com\/m1com13\/wp-content\/uploads\/2025\/10\/Capture-decran-2025-10-08-a-14.43.36-scaled-1200x477.png 1200w\" sizes=\"100vw\" \/>\t\t\t\t\t\t\t\t\t\t\t\t\t\t\t<\/div>\n\t\t\t\t\t<\/div>\n\t\t\t\t<\/div>\n\t\t<div class=\"elementor-element elementor-element-9d5e46b e-flex e-con-boxed e-con e-parent\" data-id=\"9d5e46b\" data-element_type=\"container\" data-e-type=\"container\">\n\t\t\t\t\t<div class=\"e-con-inner\">\n\t\t\t\t<div class=\"elementor-element elementor-element-be734e7 elementor-widget elementor-widget-spacer\" data-id=\"be734e7\" data-element_type=\"widget\" data-e-type=\"widget\" data-widget_type=\"spacer.default\">\n\t\t\t\t\t\t\t<div class=\"elementor-spacer\">\n\t\t\t<div class=\"elementor-spacer-inner\"><\/div>\n\t\t<\/div>\n\t\t\t\t\t\t<\/div>\n\t\t\t\t\t<\/div>\n\t\t\t\t<\/div>\n\t\t<div class=\"elementor-element elementor-element-1cf6145 e-flex e-con-boxed e-con e-parent\" data-id=\"1cf6145\" data-element_type=\"container\" data-e-type=\"container\">\n\t\t\t\t\t<div class=\"e-con-inner\">\n\t\t\t\t<div class=\"elementor-element elementor-element-678ee69 elementor-widget elementor-widget-heading\" data-id=\"678ee69\" data-element_type=\"widget\" data-e-type=\"widget\" data-widget_type=\"heading.default\">\n\t\t\t\t\t<h2 class=\"elementor-heading-title elementor-size-default\">L\u2019aventure continue, \u00e0 votre mani\u00e8re<\/h2>\t\t\t\t<\/div>\n\t\t\t\t\t<\/div>\n\t\t\t\t<\/div>\n\t\t<div class=\"elementor-element elementor-element-a135dde e-flex e-con-boxed e-con e-parent\" data-id=\"a135dde\" data-element_type=\"container\" data-e-type=\"container\">\n\t\t\t\t\t<div class=\"e-con-inner\">\n\t\t<div class=\"elementor-element elementor-element-06415ee e-con-full e-flex e-con e-child\" data-id=\"06415ee\" data-element_type=\"container\" data-e-type=\"container\">\n\t\t\t\t<div class=\"elementor-element elementor-element-97e2b75 elementor-widget-mobile__width-initial elementor-widget elementor-widget-image\" data-id=\"97e2b75\" data-element_type=\"widget\" data-e-type=\"widget\" data-widget_type=\"image.default\">\n\t\t\t\t\t\t\t\t\t\t\t\t\t\t\t<img loading=\"lazy\" decoding=\"async\" width=\"732\" height=\"696\" src=\"https:\/\/www.iaenice.com\/m1com13\/wp-content\/uploads\/2025\/10\/Capture-decran-2025-10-08-a-14.50.02.png\" class=\"attachment-large size-large wp-image-718\" alt=\"\" srcset=\"https:\/\/www.iaenice.com\/m1com13\/wp-content\/uploads\/2025\/10\/Capture-decran-2025-10-08-a-14.50.02.png 732w, https:\/\/www.iaenice.com\/m1com13\/wp-content\/uploads\/2025\/10\/Capture-decran-2025-10-08-a-14.50.02-300x285.png 300w, https:\/\/www.iaenice.com\/m1com13\/wp-content\/uploads\/2025\/10\/Capture-decran-2025-10-08-a-14.50.02-600x570.png 600w\" sizes=\"100vw\" \/>\t\t\t\t\t\t\t\t\t\t\t\t\t\t\t<\/div>\n\t\t\t\t<\/div>\n\t\t<div class=\"elementor-element elementor-element-79f1475 e-con-full e-flex e-con e-child\" data-id=\"79f1475\" data-element_type=\"container\" data-e-type=\"container\">\n\t\t\t\t<div class=\"elementor-element elementor-element-deea687 elementor-widget elementor-widget-text-editor\" data-id=\"deea687\" data-element_type=\"widget\" data-e-type=\"widget\" data-widget_type=\"text-editor.default\">\n\t\t\t\t\t\t\t\t\t<p><span style=\"font-weight: 400;\">Chez Green Way, nous savons que <strong>voyager n\u2019est pas une question d\u2019\u00e2ge<\/strong>, mais <strong>d\u2019envie !<\/strong><\/span><span style=\"font-weight: 400;\"><br \/><\/span><span style=\"font-weight: 400;\">Nous mettons tout en \u0153uvre pour que chaque voyage soit <strong>facile \u00e0<\/strong> <strong>vivre<\/strong>, <strong>inspirant<\/strong> et <strong>riche<\/strong> <strong>en rencontres<\/strong>.<\/span><span style=\"font-weight: 400;\"><br \/><\/span><span style=\"font-weight: 400;\">Parce qu\u2019il n\u2019y a pas d\u2019\u00e2ge pour s\u2019\u00e9mouvoir devant un coucher de soleil, rire autour d\u2019une table, ou d\u00e9couvrir un horizon nouveau.<\/span><\/p>\t\t\t\t\t\t\t\t<\/div>\n\t\t\t\t<\/div>\n\t\t\t\t\t<\/div>\n\t\t\t\t<\/div>\n\t\t<div class=\"elementor-element elementor-element-155adb4 e-flex e-con-boxed e-con e-parent\" data-id=\"155adb4\" data-element_type=\"container\" data-e-type=\"container\">\n\t\t\t\t\t<div class=\"e-con-inner\">\n\t\t\t\t<div class=\"elementor-element elementor-element-03ef9ca elementor-widget elementor-widget-spacer\" data-id=\"03ef9ca\" data-element_type=\"widget\" data-e-type=\"widget\" data-widget_type=\"spacer.default\">\n\t\t\t\t\t\t\t<div class=\"elementor-spacer\">\n\t\t\t<div class=\"elementor-spacer-inner\"><\/div>\n\t\t<\/div>\n\t\t\t\t\t\t<\/div>\n\t\t\t\t<div class=\"elementor-element elementor-element-5979d59 elementor-align-center elementor-widget elementor-widget-button\" data-id=\"5979d59\" data-element_type=\"widget\" data-e-type=\"widget\" data-widget_type=\"button.default\">\n\t\t\t\t\t\t\t\t\t\t<a class=\"elementor-button elementor-button-link elementor-size-sm\" href=\"https:\/\/www.iaenice.com\/m1com13\/construire-son-voyage\/\">\n\t\t\t\t\t\t<span class=\"elementor-button-content-wrapper\">\n\t\t\t\t\t\t\t\t\t<span class=\"elementor-button-text\">Cr\u00e9er mon voyage<\/span>\n\t\t\t\t\t<\/span>\n\t\t\t\t\t<\/a>\n\t\t\t\t\t\t\t\t<\/div>\n\t\t\t\t<div class=\"elementor-element elementor-element-ef49fbb elementor-widget elementor-widget-spacer\" data-id=\"ef49fbb\" data-element_type=\"widget\" data-e-type=\"widget\" data-widget_type=\"spacer.default\">\n\t\t\t\t\t\t\t<div class=\"elementor-spacer\">\n\t\t\t<div class=\"elementor-spacer-inner\"><\/div>\n\t\t<\/div>\n\t\t\t\t\t\t<\/div>\n\t\t\t\t\t<\/div>\n\t\t\t\t<\/div>\n\t\t\t\t<\/div>\n\t\t","protected":false},"excerpt":{"rendered":"<p>D\u00e9couvrez le monde autrement Voyager, c\u2019est continuer \u00e0 s\u2019\u00e9merveiller. C\u2019est garder cette envie d\u2019apprendre, de rencontrer, de ressentir. Chez Green Way, nous pensons que l\u2019aventure ne s\u2019arr\u00eate jamais : elle se vit simplement autrement, avec plus de confort, plus de sens, et toujours autant de plaisir. Nos voyages pour seniors sont pens\u00e9s pour celles et &hellip; <\/p>\n<p class=\"link-more\"><a href=\"https:\/\/www.iaenice.com\/m1com13\/voyage-senior\/\" class=\"more-link\">Lire la suite de<span class=\"screen-reader-text\">\u00ab\u00a0Voyage senior\u00a0\u00bb<\/span><\/a><\/p>\n","protected":false},"author":1,"featured_media":902,"parent":0,"menu_order":0,"comment_status":"closed","ping_status":"closed","template":"","meta":{"footnotes":""},"class_list":["post-34","page","type-page","status-publish","has-post-thumbnail","hentry"],"_links":{"self":[{"href":"https:\/\/www.iaenice.com\/m1com13\/wp-json\/wp\/v2\/pages\/34","targetHints":{"allow":["GET"]}}],"collection":[{"href":"https:\/\/www.iaenice.com\/m1com13\/wp-json\/wp\/v2\/pages"}],"about":[{"href":"https:\/\/www.iaenice.com\/m1com13\/wp-json\/wp\/v2\/types\/page"}],"author":[{"embeddable":true,"href":"https:\/\/www.iaenice.com\/m1com13\/wp-json\/wp\/v2\/users\/1"}],"replies":[{"embeddable":true,"href":"https:\/\/www.iaenice.com\/m1com13\/wp-json\/wp\/v2\/comments?post=34"}],"version-history":[{"count":25,"href":"https:\/\/www.iaenice.com\/m1com13\/wp-json\/wp\/v2\/pages\/34\/revisions"}],"predecessor-version":[{"id":964,"href":"https:\/\/www.iaenice.com\/m1com13\/wp-json\/wp\/v2\/pages\/34\/revisions\/964"}],"wp:featuredmedia":[{"embeddable":true,"href":"https:\/\/www.iaenice.com\/m1com13\/wp-json\/wp\/v2\/media\/902"}],"wp:attachment":[{"href":"https:\/\/www.iaenice.com\/m1com13\/wp-json\/wp\/v2\/media?parent=34"}],"curies":[{"name":"wp","href":"https:\/\/api.w.org\/{rel}","templated":true}]}}