{"id":28,"date":"2025-09-26T08:34:05","date_gmt":"2025-09-26T08:34:05","guid":{"rendered":"https:\/\/www.iaenice.com\/m1com13\/?page_id=28"},"modified":"2025-10-08T12:24:17","modified_gmt":"2025-10-08T12:24:17","slug":"voyage-en-couple","status":"publish","type":"page","link":"https:\/\/www.iaenice.com\/m1com13\/voyage-en-couple\/","title":{"rendered":"Voyage en couple"},"content":{"rendered":"\t\t<div data-elementor-type=\"wp-page\" data-elementor-id=\"28\" class=\"elementor elementor-28\">\n\t\t\t\t<div class=\"elementor-element elementor-element-2969208 e-flex e-con-boxed e-con e-parent\" data-id=\"2969208\" data-element_type=\"container\" data-e-type=\"container\">\n\t\t\t\t\t<div class=\"e-con-inner\">\n\t\t\t\t<div class=\"elementor-element elementor-element-45b0319 elementor-widget elementor-widget-text-editor\" data-id=\"45b0319\" data-element_type=\"widget\" data-e-type=\"widget\" data-widget_type=\"text-editor.default\">\n\t\t\t\t\t\t\t\t\t<p>Parce que chaque histoire d\u2019amour m\u00e9rite des souvenirs inoubliables, Green Way imagine pour vous des voyages \u00e0 deux, con\u00e7us pour renforcer la complicit\u00e9 et vivre des moments uniques. Que vous r\u00eaviez d\u2019une escapade romantique en bord de mer, d\u2019une immersion culturelle au bout du monde ou d\u2019un road trip plein d\u2019aventures, nous construisons <strong data-start=\"502\" data-end=\"534\">le voyage qui vous ressemble<\/strong>.<\/p>\t\t\t\t\t\t\t\t<\/div>\n\t\t\t\t\t<\/div>\n\t\t\t\t<\/div>\n\t\t<div class=\"elementor-element elementor-element-123cda0 e-flex e-con-boxed e-con e-parent\" data-id=\"123cda0\" data-element_type=\"container\" data-e-type=\"container\">\n\t\t\t\t\t<div class=\"e-con-inner\">\n\t\t<div class=\"elementor-element elementor-element-89461c0 e-con-full e-flex e-con e-child\" data-id=\"89461c0\" data-element_type=\"container\" data-e-type=\"container\">\n\t\t\t\t<div class=\"elementor-element elementor-element-1f33cbd elementor-widget elementor-widget-spacer\" data-id=\"1f33cbd\" data-element_type=\"widget\" data-e-type=\"widget\" data-widget_type=\"spacer.default\">\n\t\t\t\t\t\t\t<div class=\"elementor-spacer\">\n\t\t\t<div class=\"elementor-spacer-inner\"><\/div>\n\t\t<\/div>\n\t\t\t\t\t\t<\/div>\n\t\t\t\t<div class=\"elementor-element elementor-element-471952c elementor-widget elementor-widget-image\" data-id=\"471952c\" data-element_type=\"widget\" data-e-type=\"widget\" data-widget_type=\"image.default\">\n\t\t\t\t\t\t\t\t\t\t\t\t\t\t\t<img fetchpriority=\"high\" decoding=\"async\" width=\"736\" height=\"915\" src=\"https:\/\/www.iaenice.com\/m1com13\/wp-content\/uploads\/2025\/09\/15.jpg\" class=\"attachment-large size-large wp-image-222\" alt=\"\" srcset=\"https:\/\/www.iaenice.com\/m1com13\/wp-content\/uploads\/2025\/09\/15.jpg 736w, https:\/\/www.iaenice.com\/m1com13\/wp-content\/uploads\/2025\/09\/15-241x300.jpg 241w, https:\/\/www.iaenice.com\/m1com13\/wp-content\/uploads\/2025\/09\/15-600x746.jpg 600w\" sizes=\"100vw\" \/>\t\t\t\t\t\t\t\t\t\t\t\t\t\t\t<\/div>\n\t\t\t\t<\/div>\n\t\t<div class=\"elementor-element elementor-element-7a80779 e-con-full e-flex e-con e-child\" data-id=\"7a80779\" data-element_type=\"container\" data-e-type=\"container\">\n\t\t<div class=\"elementor-element elementor-element-f4fc12d e-con-full e-flex e-con e-child\" data-id=\"f4fc12d\" data-element_type=\"container\" data-e-type=\"container\">\n\t\t\t\t<div class=\"elementor-element elementor-element-09b0c59 elementor-widget elementor-widget-text-editor\" data-id=\"09b0c59\" data-element_type=\"widget\" data-e-type=\"widget\" data-widget_type=\"text-editor.default\">\n\t\t\t\t\t\t\t\t\t<h3 data-start=\"539\" data-end=\"572\">Des s\u00e9jours faits pour vous<\/h3>\n<ul data-start=\"573\" data-end=\"1107\">\n<li data-start=\"573\" data-end=\"707\">\n<p data-start=\"575\" data-end=\"707\"><strong data-start=\"575\" data-end=\"600\">Escapades romantiques<\/strong> : profitez d\u2019h\u00e9bergements intimistes et d\u2019ambiances idylliques pour partager des instants hors du temps.<\/p>\n<\/li>\n<li data-start=\"708\" data-end=\"842\">\n<p data-start=\"710\" data-end=\"842\"><strong data-start=\"710\" data-end=\"740\">Lunes de miel inoubliables<\/strong> : d\u00e9marrez votre nouvelle vie \u00e0 deux avec un voyage pens\u00e9 comme un souvenir \u00e0 ch\u00e9rir toute une vie.<\/p>\n<\/li>\n<li data-start=\"843\" data-end=\"975\">\n<p data-start=\"845\" data-end=\"975\"><strong data-start=\"845\" data-end=\"868\">Aventures complices<\/strong> : partez explorer des paysages grandioses, main dans la main, pour m\u00ealer d\u00e9couvertes et \u00e9motions fortes.<\/p>\n<\/li>\n<li data-start=\"976\" data-end=\"1107\">\n<p data-start=\"978\" data-end=\"1107\"><strong data-start=\"978\" data-end=\"997\">S\u00e9jours d\u00e9tente<\/strong> : ralentissez le rythme et savourez des moments de bien-\u00eatre dans des lieux pr\u00e9serv\u00e9s, loin de l\u2019agitation.<\/p>\n<\/li>\n<\/ul>\t\t\t\t\t\t\t\t<\/div>\n\t\t\t\t<\/div>\n\t\t<div class=\"elementor-element elementor-element-9610135 e-con-full e-flex e-con e-child\" data-id=\"9610135\" data-element_type=\"container\" data-e-type=\"container\">\n\t\t\t\t<div class=\"elementor-element elementor-element-ea19fac elementor-widget elementor-widget-image\" data-id=\"ea19fac\" data-element_type=\"widget\" data-e-type=\"widget\" data-widget_type=\"image.default\">\n\t\t\t\t\t\t\t\t\t\t\t\t\t\t\t<img decoding=\"async\" width=\"950\" height=\"511\" src=\"https:\/\/www.iaenice.com\/m1com13\/wp-content\/uploads\/2025\/09\/16-rotated-e1758878391534-1024x551.jpg\" class=\"attachment-large size-large wp-image-223\" alt=\"\" srcset=\"https:\/\/www.iaenice.com\/m1com13\/wp-content\/uploads\/2025\/09\/16-rotated-e1758878391534-1024x551.jpg 1024w, https:\/\/www.iaenice.com\/m1com13\/wp-content\/uploads\/2025\/09\/16-rotated-e1758878391534-300x161.jpg 300w, https:\/\/www.iaenice.com\/m1com13\/wp-content\/uploads\/2025\/09\/16-rotated-e1758878391534-768x413.jpg 768w, https:\/\/www.iaenice.com\/m1com13\/wp-content\/uploads\/2025\/09\/16-rotated-e1758878391534-600x323.jpg 600w, https:\/\/www.iaenice.com\/m1com13\/wp-content\/uploads\/2025\/09\/16-rotated-e1758878391534-1200x646.jpg 1200w, https:\/\/www.iaenice.com\/m1com13\/wp-content\/uploads\/2025\/09\/16-rotated-e1758878391534.jpg 1308w\" sizes=\"100vw\" \/>\t\t\t\t\t\t\t\t\t\t\t\t\t\t\t<\/div>\n\t\t\t\t<\/div>\n\t\t\t\t<\/div>\n\t\t\t\t\t<\/div>\n\t\t\t\t<\/div>\n\t\t<div class=\"elementor-element elementor-element-eedb91d e-flex e-con-boxed e-con e-parent\" data-id=\"eedb91d\" data-element_type=\"container\" data-e-type=\"container\">\n\t\t\t\t\t<div class=\"e-con-inner\">\n\t\t\t\t<div class=\"elementor-element elementor-element-324343e elementor-widget elementor-widget-text-editor\" data-id=\"324343e\" data-element_type=\"widget\" data-e-type=\"widget\" data-widget_type=\"text-editor.default\">\n\t\t\t\t\t\t\t\t\t<h3 data-start=\"1109\" data-end=\"1151\">Un voyage unique, comme votre couple<\/h3><p data-start=\"1152\" data-end=\"1389\">Chaque itin\u00e9raire est construit sur-mesure, selon vos envies et vos personnalit\u00e9s. Vous choisissez le style, le confort, les activit\u00e9s et l\u2019ambiance qui vous correspondent, et nous transformons vos id\u00e9es en un projet de voyage concret.<\/p><h3 data-start=\"1391\" data-end=\"1422\">Voyager \u00e0 deux, autrement<\/h3><p data-start=\"1423\" data-end=\"1713\">Parce que l\u2019amour m\u00e9rite aussi d\u2019\u00eatre responsable, nous s\u00e9lectionnons pour vous des h\u00e9bergements \u00e9coresponsables et des exp\u00e9riences locales authentiques, afin que votre voyage \u00e0 deux soit non seulement magique, mais aussi respectueux de la plan\u00e8te et des populations qui vous accueillent.<\/p><p data-start=\"1715\" data-end=\"1881\">Avec Green Way, votre voyage en couple devient plus qu\u2019une parenth\u00e8se romantique : c\u2019est <strong data-start=\"1804\" data-end=\"1875\">une aventure \u00e0 vivre \u00e0 deux, des souvenirs \u00e0 partager pour toujours<\/strong>.<\/p>\t\t\t\t\t\t\t\t<\/div>\n\t\t\t\t\t<\/div>\n\t\t\t\t<\/div>\n\t\t<div class=\"elementor-element elementor-element-0f6809e e-flex e-con-boxed e-con e-parent\" data-id=\"0f6809e\" data-element_type=\"container\" data-e-type=\"container\">\n\t\t\t\t\t<div class=\"e-con-inner\">\n\t\t\t\t<div class=\"elementor-element elementor-element-4bd46ca elementor-widget elementor-widget-video\" data-id=\"4bd46ca\" data-element_type=\"widget\" data-e-type=\"widget\" data-settings=\"{&quot;video_type&quot;:&quot;hosted&quot;,&quot;autoplay&quot;:&quot;yes&quot;,&quot;controls&quot;:&quot;yes&quot;}\" data-widget_type=\"video.default\">\n\t\t\t\t\t\t\t<div class=\"e-hosted-video elementor-wrapper elementor-open-inline\">\n\t\t\t\t\t<video class=\"elementor-video\" src=\"https:\/\/www.iaenice.com\/m1com13\/wp-content\/uploads\/2025\/09\/ScreenRecording_09-26-2025-11-25-53_1.mov\" autoplay=\"\" controls=\"\" controlsList=\"nodownload\"><\/video>\n\t\t\t\t<\/div>\n\t\t\t\t\t\t<\/div>\n\t\t\t\t\t<\/div>\n\t\t\t\t<\/div>\n\t\t<div class=\"elementor-element elementor-element-65b7852 e-flex e-con-boxed e-con e-parent\" data-id=\"65b7852\" data-element_type=\"container\" data-e-type=\"container\">\n\t\t\t\t\t<div class=\"e-con-inner\">\n\t\t\t\t<div class=\"elementor-element elementor-element-f9c99e3 elementor-widget elementor-widget-spacer\" data-id=\"f9c99e3\" data-element_type=\"widget\" data-e-type=\"widget\" data-widget_type=\"spacer.default\">\n\t\t\t\t\t\t\t<div class=\"elementor-spacer\">\n\t\t\t<div class=\"elementor-spacer-inner\"><\/div>\n\t\t<\/div>\n\t\t\t\t\t\t<\/div>\n\t\t\t\t<div class=\"elementor-element elementor-element-dc09dd4 elementor-align-center elementor-widget elementor-widget-button\" data-id=\"dc09dd4\" data-element_type=\"widget\" data-e-type=\"widget\" data-widget_type=\"button.default\">\n\t\t\t\t\t\t\t\t\t\t<a class=\"elementor-button elementor-button-link elementor-size-sm\" href=\"https:\/\/www.iaenice.com\/m1com13\/construire-son-voyage\/\">\n\t\t\t\t\t\t<span class=\"elementor-button-content-wrapper\">\n\t\t\t\t\t\t\t\t\t<span class=\"elementor-button-text\">Cr\u00e9er mon voyage<\/span>\n\t\t\t\t\t<\/span>\n\t\t\t\t\t<\/a>\n\t\t\t\t\t\t\t\t<\/div>\n\t\t\t\t<div class=\"elementor-element elementor-element-c0cc49c elementor-widget elementor-widget-spacer\" data-id=\"c0cc49c\" data-element_type=\"widget\" data-e-type=\"widget\" data-widget_type=\"spacer.default\">\n\t\t\t\t\t\t\t<div class=\"elementor-spacer\">\n\t\t\t<div class=\"elementor-spacer-inner\"><\/div>\n\t\t<\/div>\n\t\t\t\t\t\t<\/div>\n\t\t\t\t\t<\/div>\n\t\t\t\t<\/div>\n\t\t\t\t<\/div>\n\t\t","protected":false},"excerpt":{"rendered":"<p>Parce que chaque histoire d\u2019amour m\u00e9rite des souvenirs inoubliables, Green Way imagine pour vous des voyages \u00e0 deux, con\u00e7us pour renforcer la complicit\u00e9 et vivre des moments uniques. Que vous r\u00eaviez d\u2019une escapade romantique en bord de mer, d\u2019une immersion culturelle au bout du monde ou d\u2019un road trip plein d\u2019aventures, nous construisons le voyage &hellip; <\/p>\n<p class=\"link-more\"><a href=\"https:\/\/www.iaenice.com\/m1com13\/voyage-en-couple\/\" class=\"more-link\">Lire la suite de<span class=\"screen-reader-text\">\u00ab\u00a0Voyage en couple\u00a0\u00bb<\/span><\/a><\/p>\n","protected":false},"author":1,"featured_media":220,"parent":0,"menu_order":0,"comment_status":"closed","ping_status":"closed","template":"","meta":{"footnotes":""},"class_list":["post-28","page","type-page","status-publish","has-post-thumbnail","hentry"],"_links":{"self":[{"href":"https:\/\/www.iaenice.com\/m1com13\/wp-json\/wp\/v2\/pages\/28","targetHints":{"allow":["GET"]}}],"collection":[{"href":"https:\/\/www.iaenice.com\/m1com13\/wp-json\/wp\/v2\/pages"}],"about":[{"href":"https:\/\/www.iaenice.com\/m1com13\/wp-json\/wp\/v2\/types\/page"}],"author":[{"embeddable":true,"href":"https:\/\/www.iaenice.com\/m1com13\/wp-json\/wp\/v2\/users\/1"}],"replies":[{"embeddable":true,"href":"https:\/\/www.iaenice.com\/m1com13\/wp-json\/wp\/v2\/comments?post=28"}],"version-history":[{"count":16,"href":"https:\/\/www.iaenice.com\/m1com13\/wp-json\/wp\/v2\/pages\/28\/revisions"}],"predecessor-version":[{"id":671,"href":"https:\/\/www.iaenice.com\/m1com13\/wp-json\/wp\/v2\/pages\/28\/revisions\/671"}],"wp:featuredmedia":[{"embeddable":true,"href":"https:\/\/www.iaenice.com\/m1com13\/wp-json\/wp\/v2\/media\/220"}],"wp:attachment":[{"href":"https:\/\/www.iaenice.com\/m1com13\/wp-json\/wp\/v2\/media?parent=28"}],"curies":[{"name":"wp","href":"https:\/\/api.w.org\/{rel}","templated":true}]}}